{"id":9374,"date":"2022-06-03T10:40:14","date_gmt":"2022-06-03T10:40:14","guid":{"rendered":"http:\/\/aikox.net\/Danzarte\/?post_type=product&#038;p=9374"},"modified":"2022-09-21T08:40:18","modified_gmt":"2022-09-21T08:40:18","slug":"falda-alegro","status":"publish","type":"product","link":"http:\/\/aikox.net\/Danzarte\/tienda\/falda-alegro\/","title":{"rendered":"Falda Alegro"},"content":{"rendered":"<p>Maillot de danza de mujer. Colecci\u00f3n Velours V\u00e9nitien. Confeccionado con microfibra de elastano, terciopelo el\u00e1stico estampado y tul el\u00e1stico transparente para un elegante combinaci\u00f3n de materiales transparentes.<\/p>\n<p>Forma en V profunda en el escote, y trasera con terciopelo estampado. La cintura se acent\u00faa con la espalda con una tira de tul transparente. Sujeci\u00f3n y comodidad.<\/p>\n","protected":false},"excerpt":{"rendered":"<p>Maillot de danza de mujer. Colecci\u00f3n Velours V\u00e9nitien. Confeccionado con microfibra de elastano, terciopelo el\u00e1stico estampado y tul el\u00e1stico transparente para un elegante combinaci\u00f3n de materiales transparentes.<\/p>\n","protected":false},"featured_media":9376,"template":"","meta":[],"product_cat":[244,231,246],"product_tag":[],"class_list":["post-9374","product","type-product","status-publish","has-post-thumbnail","hentry","product_cat-danza-ballet","product_cat-danza-y-ballet-mujer-y-nina-faldas","product_cat-mujer-y-nina","product_brand-wear-moi","col-xs-6 col-sm-4","col-md-4 col-lg-4","un-3-cols"],"_links":{"self":[{"href":"http:\/\/aikox.net\/Danzarte\/wp-json\/wp\/v2\/product\/9374","targetHints":{"allow":["GET"]}}],"collection":[{"href":"http:\/\/aikox.net\/Danzarte\/wp-json\/wp\/v2\/product"}],"about":[{"href":"http:\/\/aikox.net\/Danzarte\/wp-json\/wp\/v2\/types\/product"}],"wp:featuredmedia":[{"embeddable":true,"href":"http:\/\/aikox.net\/Danzarte\/wp-json\/wp\/v2\/media\/9376"}],"wp:attachment":[{"href":"http:\/\/aikox.net\/Danzarte\/wp-json\/wp\/v2\/media?parent=9374"}],"wp:term":[{"taxonomy":"product_cat","embeddable":true,"href":"http:\/\/aikox.net\/Danzarte\/wp-json\/wp\/v2\/product_cat?post=9374"},{"taxonomy":"product_tag","embeddable":true,"href":"http:\/\/aikox.net\/Danzarte\/wp-json\/wp\/v2\/product_tag?post=9374"}],"curies":[{"name":"wp","href":"https:\/\/api.w.org\/{rel}","templated":true}]}}