{"id":8631,"date":"2022-06-03T06:41:31","date_gmt":"2022-06-03T06:41:31","guid":{"rendered":"http:\/\/aikox.net\/Danzarte\/?post_type=product&#038;p=8631"},"modified":"2022-06-03T06:41:32","modified_gmt":"2022-06-03T06:41:32","slug":"falda-tutu","status":"publish","type":"product","link":"http:\/\/aikox.net\/Danzarte\/tienda\/falda-tutu\/","title":{"rendered":"Falda Tut\u00fa"},"content":{"rendered":"<p>Falda con 4 capas de tul grueso, con braguita incorporada sin forrar en poliamida el\u00e1stica. Ideal para tus actuaciones, espect\u00e1culos, representaciones y para ensayar en tus clases de danza y ballet.<\/p>\n<p>Otros colores consultar<\/p>\n<p>Composiciones<br \/>\n    20% ELASTAN<br \/>\n    80% POLIAMIDA<\/p>\n","protected":false},"excerpt":{"rendered":"<p>Falda con 4 capas de tul grueso, con braguita incorporada sin forrar en poliamida el\u00e1stica.<br \/>\nIdeal para tus actuaciones, espect\u00e1culos, representaciones y para ensayar en tus clases de danza y ballet.<\/p>\n","protected":false},"featured_media":8636,"template":"","meta":[],"product_cat":[244,246,225],"product_tag":[],"class_list":["post-8631","product","type-product","status-publish","has-post-thumbnail","hentry","product_cat-danza-ballet","product_cat-mujer-y-nina","product_cat-danza-y-ballet-mujer-y-nina-tutu-y-vestidos","product_brand-intermezzo","col-xs-6 col-sm-4","col-md-4 col-lg-4","un-3-cols"],"_links":{"self":[{"href":"http:\/\/aikox.net\/Danzarte\/wp-json\/wp\/v2\/product\/8631","targetHints":{"allow":["GET"]}}],"collection":[{"href":"http:\/\/aikox.net\/Danzarte\/wp-json\/wp\/v2\/product"}],"about":[{"href":"http:\/\/aikox.net\/Danzarte\/wp-json\/wp\/v2\/types\/product"}],"wp:featuredmedia":[{"embeddable":true,"href":"http:\/\/aikox.net\/Danzarte\/wp-json\/wp\/v2\/media\/8636"}],"wp:attachment":[{"href":"http:\/\/aikox.net\/Danzarte\/wp-json\/wp\/v2\/media?parent=8631"}],"wp:term":[{"taxonomy":"product_cat","embeddable":true,"href":"http:\/\/aikox.net\/Danzarte\/wp-json\/wp\/v2\/product_cat?post=8631"},{"taxonomy":"product_tag","embeddable":true,"href":"http:\/\/aikox.net\/Danzarte\/wp-json\/wp\/v2\/product_tag?post=8631"}],"curies":[{"name":"wp","href":"https:\/\/api.w.org\/{rel}","templated":true}]}}