{"id":8542,"date":"2022-06-02T10:52:18","date_gmt":"2022-06-02T10:52:18","guid":{"rendered":"http:\/\/aikox.net\/Danzarte\/?post_type=product&#038;p=8542"},"modified":"2022-12-16T12:13:54","modified_gmt":"2022-12-16T12:13:54","slug":"chaqueta-y-pantalon-de-calentamiento","status":"publish","type":"product","link":"http:\/\/aikox.net\/Danzarte\/tienda\/chaqueta-y-pantalon-de-calentamiento\/","title":{"rendered":"Chaqueta y pantal\u00f3n de Calentamiento"},"content":{"rendered":"<p>Pantal\u00f3n de calentamiento 70% Acr\u00edlico 25%poliester 5% elast\u00e1n<\/p>\n","protected":false},"excerpt":{"rendered":"<p>Pantal\u00f3n de calentamiento 70% Acrilico 25%poliester 5% elast\u00e1n<\/p>\n","protected":false},"featured_media":8544,"template":"","meta":[],"product_cat":[212,244,246],"product_tag":[],"class_list":["post-8542","product","type-product","status-publish","has-post-thumbnail","hentry","product_cat-danza-y-ballet-mujer-y-nina-calentadores-y-lanas","product_cat-danza-ballet","product_cat-mujer-y-nina","product_brand-intermezzo","col-xs-6 col-sm-4","col-md-4 col-lg-4","un-3-cols"],"_links":{"self":[{"href":"http:\/\/aikox.net\/Danzarte\/wp-json\/wp\/v2\/product\/8542","targetHints":{"allow":["GET"]}}],"collection":[{"href":"http:\/\/aikox.net\/Danzarte\/wp-json\/wp\/v2\/product"}],"about":[{"href":"http:\/\/aikox.net\/Danzarte\/wp-json\/wp\/v2\/types\/product"}],"wp:featuredmedia":[{"embeddable":true,"href":"http:\/\/aikox.net\/Danzarte\/wp-json\/wp\/v2\/media\/8544"}],"wp:attachment":[{"href":"http:\/\/aikox.net\/Danzarte\/wp-json\/wp\/v2\/media?parent=8542"}],"wp:term":[{"taxonomy":"product_cat","embeddable":true,"href":"http:\/\/aikox.net\/Danzarte\/wp-json\/wp\/v2\/product_cat?post=8542"},{"taxonomy":"product_tag","embeddable":true,"href":"http:\/\/aikox.net\/Danzarte\/wp-json\/wp\/v2\/product_tag?post=8542"}],"curies":[{"name":"wp","href":"https:\/\/api.w.org\/{rel}","templated":true}]}}