{"id":8489,"date":"2022-06-02T08:06:22","date_gmt":"2022-06-02T08:06:22","guid":{"rendered":"http:\/\/aikox.net\/Danzarte\/?post_type=product&#038;p=8489"},"modified":"2022-10-12T08:04:08","modified_gmt":"2022-10-12T08:04:08","slug":"pantalon-legging-pusiano","status":"publish","type":"product","link":"http:\/\/aikox.net\/Danzarte\/tienda\/pantalon-legging-pusiano\/","title":{"rendered":"Pantal\u00f3n legging Pusiano"},"content":{"rendered":"<p>Pantal\u00f3n largo, en tienda disponible en color verde botella en punto el\u00e1stico.<\/p>\n","protected":false},"excerpt":{"rendered":"<p>Pantal\u00f3n largo, en tienda disponible en color verde botella en punto el\u00e1stico.<\/p>\n","protected":false},"featured_media":8494,"template":"","meta":[],"product_cat":[244,246,208],"product_tag":[],"class_list":["post-8489","product","type-product","status-publish","has-post-thumbnail","hentry","product_cat-danza-ballet","product_cat-mujer-y-nina","product_cat-danza-y-ballet-mujer-y-nina-pantalones-leggins","product_brand-davedans","col-xs-6 col-sm-4","col-md-4 col-lg-4","un-3-cols"],"_links":{"self":[{"href":"http:\/\/aikox.net\/Danzarte\/wp-json\/wp\/v2\/product\/8489","targetHints":{"allow":["GET"]}}],"collection":[{"href":"http:\/\/aikox.net\/Danzarte\/wp-json\/wp\/v2\/product"}],"about":[{"href":"http:\/\/aikox.net\/Danzarte\/wp-json\/wp\/v2\/types\/product"}],"wp:featuredmedia":[{"embeddable":true,"href":"http:\/\/aikox.net\/Danzarte\/wp-json\/wp\/v2\/media\/8494"}],"wp:attachment":[{"href":"http:\/\/aikox.net\/Danzarte\/wp-json\/wp\/v2\/media?parent=8489"}],"wp:term":[{"taxonomy":"product_cat","embeddable":true,"href":"http:\/\/aikox.net\/Danzarte\/wp-json\/wp\/v2\/product_cat?post=8489"},{"taxonomy":"product_tag","embeddable":true,"href":"http:\/\/aikox.net\/Danzarte\/wp-json\/wp\/v2\/product_tag?post=8489"}],"curies":[{"name":"wp","href":"https:\/\/api.w.org\/{rel}","templated":true}]}}