{"id":8438,"date":"2022-06-01T12:48:51","date_gmt":"2022-06-01T12:48:51","guid":{"rendered":"http:\/\/aikox.net\/Danzarte\/?post_type=product&#038;p=8438"},"modified":"2022-06-14T12:58:44","modified_gmt":"2022-06-14T12:58:44","slug":"falda-andujar-2","status":"publish","type":"product","link":"http:\/\/aikox.net\/Danzarte\/tienda\/falda-andujar-2\/","title":{"rendered":"Falda Andujar"},"content":{"rendered":"<p>Falda de ensayo con faj\u00edn godet detr\u00e1s tejido punto el\u00e1stico color negro.<\/p>\n<p>Tallas de la XS a la XL<\/p>\n","protected":false},"excerpt":{"rendered":"<p>Falda de ensayo con faj\u00edn godet detr\u00e1s tejido punto el\u00e1stico color negro.<\/p>\n","protected":false},"featured_media":8446,"template":"","meta":[],"product_cat":[232,247],"product_tag":[],"class_list":["post-8438","product","type-product","status-publish","has-post-thumbnail","hentry","product_cat-flamenco-faldas","product_cat-flamenco","product_brand-davedans","col-xs-6 col-sm-4","col-md-4 col-lg-4","un-3-cols"],"_links":{"self":[{"href":"http:\/\/aikox.net\/Danzarte\/wp-json\/wp\/v2\/product\/8438","targetHints":{"allow":["GET"]}}],"collection":[{"href":"http:\/\/aikox.net\/Danzarte\/wp-json\/wp\/v2\/product"}],"about":[{"href":"http:\/\/aikox.net\/Danzarte\/wp-json\/wp\/v2\/types\/product"}],"wp:featuredmedia":[{"embeddable":true,"href":"http:\/\/aikox.net\/Danzarte\/wp-json\/wp\/v2\/media\/8446"}],"wp:attachment":[{"href":"http:\/\/aikox.net\/Danzarte\/wp-json\/wp\/v2\/media?parent=8438"}],"wp:term":[{"taxonomy":"product_cat","embeddable":true,"href":"http:\/\/aikox.net\/Danzarte\/wp-json\/wp\/v2\/product_cat?post=8438"},{"taxonomy":"product_tag","embeddable":true,"href":"http:\/\/aikox.net\/Danzarte\/wp-json\/wp\/v2\/product_tag?post=8438"}],"curies":[{"name":"wp","href":"https:\/\/api.w.org\/{rel}","templated":true}]}}