{"id":7660,"date":"2022-05-03T16:21:02","date_gmt":"2022-05-03T16:21:02","guid":{"rendered":"http:\/\/aikox.net\/Danzarte\/?post_type=product&#038;p=7660"},"modified":"2022-06-16T16:50:38","modified_gmt":"2022-06-16T16:50:38","slug":"tutus-angeline","status":"publish","type":"product","link":"http:\/\/aikox.net\/Danzarte\/tienda\/tutus-angeline\/","title":{"rendered":"T\u00fanica \u00c1ngeline"},"content":{"rendered":"<p>T\u00fanica con doble tirante y adorno con nudo recogido pecho, tejido lycra y t\u00fanica de microtul.<br \/>\n<img loading=\"lazy\" decoding=\"async\" class=\"alignnone wp-image-9675 size-full\" src=\"http:\/\/aikox.net\/Danzarte\/wp-content\/uploads\/2022\/06\/BR-SizeConver.png\" alt=\"\" width=\"611\" height=\"430\" \/><br \/>\n<img loading=\"lazy\" decoding=\"async\" width=\"989\" height=\"549\" class=\"alignnone wp-image-9674 size-full\" src=\"http:\/\/aikox.net\/Danzarte\/wp-content\/uploads\/2022\/06\/BR-Medidas.png\" alt=\"\" srcset=\"http:\/\/aikox.net\/Danzarte\/wp-content\/uploads\/2022\/06\/BR-Medidas.png 989w, http:\/\/aikox.net\/Danzarte\/wp-content\/uploads\/2022\/06\/BR-Medidas-300x167.png 300w, http:\/\/aikox.net\/Danzarte\/wp-content\/uploads\/2022\/06\/BR-Medidas-768x426.png 768w, http:\/\/aikox.net\/Danzarte\/wp-content\/uploads\/2022\/06\/BR-Medidas-370x205.png 370w, http:\/\/aikox.net\/Danzarte\/wp-content\/uploads\/2022\/06\/BR-Medidas-600x333.png 600w\" sizes=\"auto, (max-width: 989px) 100vw, 989px\" \/><br \/>\n<img loading=\"lazy\" decoding=\"async\" width=\"848\" height=\"549\" class=\"alignnone wp-image-9673 size-full\" src=\"http:\/\/aikox.net\/Danzarte\/wp-content\/uploads\/2022\/06\/BR-Ladies.png\" alt=\"\" srcset=\"http:\/\/aikox.net\/Danzarte\/wp-content\/uploads\/2022\/06\/BR-Ladies.png 848w, http:\/\/aikox.net\/Danzarte\/wp-content\/uploads\/2022\/06\/BR-Ladies-300x194.png 300w, http:\/\/aikox.net\/Danzarte\/wp-content\/uploads\/2022\/06\/BR-Ladies-768x497.png 768w, http:\/\/aikox.net\/Danzarte\/wp-content\/uploads\/2022\/06\/BR-Ladies-790x510.png 790w, http:\/\/aikox.net\/Danzarte\/wp-content\/uploads\/2022\/06\/BR-Ladies-370x240.png 370w, http:\/\/aikox.net\/Danzarte\/wp-content\/uploads\/2022\/06\/BR-Ladies-600x388.png 600w\" sizes=\"auto, (max-width: 848px) 100vw, 848px\" \/> <img loading=\"lazy\" decoding=\"async\" width=\"848\" height=\"549\" class=\"alignnone wp-image-9672 size-full\" src=\"http:\/\/aikox.net\/Danzarte\/wp-content\/uploads\/2022\/06\/BR-Youth.png\" alt=\"\" srcset=\"http:\/\/aikox.net\/Danzarte\/wp-content\/uploads\/2022\/06\/BR-Youth.png 848w, http:\/\/aikox.net\/Danzarte\/wp-content\/uploads\/2022\/06\/BR-Youth-300x194.png 300w, http:\/\/aikox.net\/Danzarte\/wp-content\/uploads\/2022\/06\/BR-Youth-768x497.png 768w, http:\/\/aikox.net\/Danzarte\/wp-content\/uploads\/2022\/06\/BR-Youth-790x510.png 790w, http:\/\/aikox.net\/Danzarte\/wp-content\/uploads\/2022\/06\/BR-Youth-370x240.png 370w, http:\/\/aikox.net\/Danzarte\/wp-content\/uploads\/2022\/06\/BR-Youth-600x388.png 600w\" sizes=\"auto, (max-width: 848px) 100vw, 848px\" \/><img loading=\"lazy\" decoding=\"async\" width=\"1348\" height=\"709\" class=\"alignnone wp-image-9676 size-full\" src=\"http:\/\/aikox.net\/Danzarte\/wp-content\/uploads\/2022\/06\/BR-Bottoms.png\" alt=\"\" srcset=\"http:\/\/aikox.net\/Danzarte\/wp-content\/uploads\/2022\/06\/BR-Bottoms.png 1348w, http:\/\/aikox.net\/Danzarte\/wp-content\/uploads\/2022\/06\/BR-Bottoms-300x158.png 300w, http:\/\/aikox.net\/Danzarte\/wp-content\/uploads\/2022\/06\/BR-Bottoms-1024x539.png 1024w, http:\/\/aikox.net\/Danzarte\/wp-content\/uploads\/2022\/06\/BR-Bottoms-768x404.png 768w, http:\/\/aikox.net\/Danzarte\/wp-content\/uploads\/2022\/06\/BR-Bottoms-370x195.png 370w, http:\/\/aikox.net\/Danzarte\/wp-content\/uploads\/2022\/06\/BR-Bottoms-600x316.png 600w\" sizes=\"auto, (max-width: 1348px) 100vw, 1348px\" \/><\/p>\n","protected":false},"excerpt":{"rendered":"<p>Tunica con doble tirante y adorno con nudo recogido pecho tunica de microtul<\/p>\n","protected":false},"featured_media":9731,"template":"","meta":[],"product_cat":[244,246,205,225],"product_tag":[],"class_list":["post-7660","product","type-product","status-publish","has-post-thumbnail","hentry","product_cat-danza-ballet","product_cat-mujer-y-nina","product_cat-outlet","product_cat-danza-y-ballet-mujer-y-nina-tutu-y-vestidos","product_brand-ballet-rosa","col-xs-6 col-sm-4","col-md-4 col-lg-4","un-3-cols"],"_links":{"self":[{"href":"http:\/\/aikox.net\/Danzarte\/wp-json\/wp\/v2\/product\/7660","targetHints":{"allow":["GET"]}}],"collection":[{"href":"http:\/\/aikox.net\/Danzarte\/wp-json\/wp\/v2\/product"}],"about":[{"href":"http:\/\/aikox.net\/Danzarte\/wp-json\/wp\/v2\/types\/product"}],"wp:featuredmedia":[{"embeddable":true,"href":"http:\/\/aikox.net\/Danzarte\/wp-json\/wp\/v2\/media\/9731"}],"wp:attachment":[{"href":"http:\/\/aikox.net\/Danzarte\/wp-json\/wp\/v2\/media?parent=7660"}],"wp:term":[{"taxonomy":"product_cat","embeddable":true,"href":"http:\/\/aikox.net\/Danzarte\/wp-json\/wp\/v2\/product_cat?post=7660"},{"taxonomy":"product_tag","embeddable":true,"href":"http:\/\/aikox.net\/Danzarte\/wp-json\/wp\/v2\/product_tag?post=7660"}],"curies":[{"name":"wp","href":"https:\/\/api.w.org\/{rel}","templated":true}]}}