{"id":7241,"date":"2022-03-18T11:55:21","date_gmt":"2022-03-18T11:55:21","guid":{"rendered":"http:\/\/aikox.net\/Danzarte\/?post_type=product&#038;p=7241"},"modified":"2022-06-16T12:12:43","modified_gmt":"2022-06-16T12:12:43","slug":"collar-vd0c6","status":"publish","type":"product","link":"http:\/\/aikox.net\/Danzarte\/tienda\/collar-vd0c6\/","title":{"rendered":"Collar VD0C6"},"content":{"rendered":"<p>HISTORIA:<br \/>\nVivencias en los pueblos, el baile, la artesan\u00eda y la experiencia de perseguir los sue\u00f1os, dan forma a un estilo de vida donde el arte es nuestro motor.<br \/>\nLa perfecci\u00f3n no existe por s\u00ed misma, la fusi\u00f3n hace que algo sea especial. Y \u00e9sta es nuestra finalidad. Unir la joya y la danza a trav\u00e9s de piezas \u00fanicas y sostenibles donde el proceso creativo y el trabajo hecho a mano se a\u00fana con pureza, libertad y belleza.<br \/>\nGracias por formar parte.<br \/>\nAmaia &#038; Sara<\/p>\n<p>GARANT\u00cdA<br \/>\nNuestra joyer\u00eda tiene una garant\u00eda de 1 a\u00f1o a cualquier defecto de producci\u00f3n. Por favor, ten en cuenta que el desgaste, el mal uso, el mal almacenamiento y los ara\u00f1azos no est\u00e1n cubiertos por la garant\u00eda. Contacta con nosotras sin compromiso si quieres limpiar o texturizar de nuevo tu joya. Tambi\u00e9n puedes ir directamente al taller donde lo realizaremos gratuitamente.<\/p>\n","protected":false},"excerpt":{"rendered":"<p>Joyas de hilo de plata , colecci\u00f3n de 6 juegos de pendientes y 6 juegos de collares<\/p>\n<p>Art\u00edculos que se venden bajo pedido.<\/p>\n<p>Tiempo de entrega desde que se hace el encargo: 5 a 7 d\u00edas laborables.<\/p>\n","protected":false},"featured_media":7234,"template":"","meta":[],"product_cat":[263],"product_tag":[],"class_list":["post-7241","product","type-product","status-publish","has-post-thumbnail","hentry","product_cat-danzarte-jewerly","product_brand-danzarte-jewerly-by-sara-serna","col-xs-6 col-sm-4","col-md-4 col-lg-4","un-3-cols"],"_links":{"self":[{"href":"http:\/\/aikox.net\/Danzarte\/wp-json\/wp\/v2\/product\/7241","targetHints":{"allow":["GET"]}}],"collection":[{"href":"http:\/\/aikox.net\/Danzarte\/wp-json\/wp\/v2\/product"}],"about":[{"href":"http:\/\/aikox.net\/Danzarte\/wp-json\/wp\/v2\/types\/product"}],"wp:featuredmedia":[{"embeddable":true,"href":"http:\/\/aikox.net\/Danzarte\/wp-json\/wp\/v2\/media\/7234"}],"wp:attachment":[{"href":"http:\/\/aikox.net\/Danzarte\/wp-json\/wp\/v2\/media?parent=7241"}],"wp:term":[{"taxonomy":"product_cat","embeddable":true,"href":"http:\/\/aikox.net\/Danzarte\/wp-json\/wp\/v2\/product_cat?post=7241"},{"taxonomy":"product_tag","embeddable":true,"href":"http:\/\/aikox.net\/Danzarte\/wp-json\/wp\/v2\/product_tag?post=7241"}],"curies":[{"name":"wp","href":"https:\/\/api.w.org\/{rel}","templated":true}]}}