{"id":6827,"date":"2022-02-22T11:17:11","date_gmt":"2022-02-22T11:17:11","guid":{"rendered":"http:\/\/aikox.net\/Danzarte\/?post_type=product&#038;p=6827"},"modified":"2022-12-28T11:36:15","modified_gmt":"2022-12-28T11:36:15","slug":"zapatilla-media-punta-lila","status":"publish","type":"product","link":"http:\/\/aikox.net\/Danzarte\/tienda\/zapatilla-media-punta-lila\/","title":{"rendered":"Zapatilla media punta Lila"},"content":{"rendered":"<p>Zapatilla de media punta en tela, con refuerzo en tal\u00f3n y puntera.<\/p>\n<p>Es perfecta para cualquier tipo de pie. Su dise\u00f1o 4 direcciones de estiramiento as\u00ed como sus pliegues planos en la parte delantera brindan comodidad a los bailarines y garantizan excelente est\u00e9tica.<\/p>\n<p>Disponible en dos colores. Rosa ballet, y en color ambar , que combina perfectamente con los diferentes colores de piel.<\/p>\n<p>&nbsp;<\/p>\n","protected":false},"excerpt":{"rendered":"<p>Zapatilla de media punta en tela, con refuerzo en tal\u00f3n y puntera.<\/p>\n<p>El\u00e1sticos cosidos.<\/p>\n<p>Acabados el\u00e1sticos sin cordones.<\/p>\n<p>Parte superior lona el\u00e1stica 4 direcciones.<\/p>\n<p>Suela partida Ante microperforado.<\/p>\n<p>Pliegues ultraplanos.<\/p>\n","protected":false},"featured_media":6939,"template":"","meta":[],"product_cat":[242,206],"product_tag":[1159,1156,1254,1172,1173],"class_list":["post-6827","product","type-product","status-publish","has-post-thumbnail","hentry","product_cat-calzado","product_cat-calzado-zapatillas-media-punta","product_tag-calzado","product_tag-dansez-vous","product_tag-zapatilla-de-media-punta-suela-partida","product_tag-zapatillas-de-ballet","product_tag-zapatillas-de-media-punta","product_brand-dansez-vous","col-xs-6 col-sm-4","col-md-4 col-lg-4","un-3-cols"],"_links":{"self":[{"href":"http:\/\/aikox.net\/Danzarte\/wp-json\/wp\/v2\/product\/6827","targetHints":{"allow":["GET"]}}],"collection":[{"href":"http:\/\/aikox.net\/Danzarte\/wp-json\/wp\/v2\/product"}],"about":[{"href":"http:\/\/aikox.net\/Danzarte\/wp-json\/wp\/v2\/types\/product"}],"wp:featuredmedia":[{"embeddable":true,"href":"http:\/\/aikox.net\/Danzarte\/wp-json\/wp\/v2\/media\/6939"}],"wp:attachment":[{"href":"http:\/\/aikox.net\/Danzarte\/wp-json\/wp\/v2\/media?parent=6827"}],"wp:term":[{"taxonomy":"product_cat","embeddable":true,"href":"http:\/\/aikox.net\/Danzarte\/wp-json\/wp\/v2\/product_cat?post=6827"},{"taxonomy":"product_tag","embeddable":true,"href":"http:\/\/aikox.net\/Danzarte\/wp-json\/wp\/v2\/product_tag?post=6827"}],"curies":[{"name":"wp","href":"https:\/\/api.w.org\/{rel}","templated":true}]}}