{"id":6824,"date":"2022-02-22T11:03:45","date_gmt":"2022-02-22T11:03:45","guid":{"rendered":"http:\/\/aikox.net\/Danzarte\/?post_type=product&#038;p=6824"},"modified":"2022-12-16T12:59:07","modified_gmt":"2022-12-16T12:59:07","slug":"mochila-bubbly","status":"publish","type":"product","link":"http:\/\/aikox.net\/Danzarte\/tienda\/mochila-bubbly\/","title":{"rendered":"Mochila Bubbly"},"content":{"rendered":"<p>Bubbly, es la mochila m\u00e1s vendida para las ni\u00f1as de glitter, en colores, negra y rosa. Dise\u00f1o glamuroso y con pr\u00e1cticos bolsillos.<\/p>\n<p>Dimensiones: 28 cm x 33cm x 15cm<\/p>\n","protected":false},"excerpt":{"rendered":"<p>Tejido de purpurina y poli\u00e9ster<\/p>\n<p>2 bolsillos interiores<\/p>\n<p>28 cmx33cmx15cm<\/p>\n","protected":false},"featured_media":6937,"template":"","meta":[],"product_cat":[213,243],"product_tag":[],"class_list":["post-6824","product","type-product","status-publish","has-post-thumbnail","hentry","product_cat-complementos-bolsos","product_cat-complementos","col-xs-6 col-sm-4","col-md-4 col-lg-4","un-3-cols"],"_links":{"self":[{"href":"http:\/\/aikox.net\/Danzarte\/wp-json\/wp\/v2\/product\/6824","targetHints":{"allow":["GET"]}}],"collection":[{"href":"http:\/\/aikox.net\/Danzarte\/wp-json\/wp\/v2\/product"}],"about":[{"href":"http:\/\/aikox.net\/Danzarte\/wp-json\/wp\/v2\/types\/product"}],"wp:featuredmedia":[{"embeddable":true,"href":"http:\/\/aikox.net\/Danzarte\/wp-json\/wp\/v2\/media\/6937"}],"wp:attachment":[{"href":"http:\/\/aikox.net\/Danzarte\/wp-json\/wp\/v2\/media?parent=6824"}],"wp:term":[{"taxonomy":"product_cat","embeddable":true,"href":"http:\/\/aikox.net\/Danzarte\/wp-json\/wp\/v2\/product_cat?post=6824"},{"taxonomy":"product_tag","embeddable":true,"href":"http:\/\/aikox.net\/Danzarte\/wp-json\/wp\/v2\/product_tag?post=6824"}],"curies":[{"name":"wp","href":"https:\/\/api.w.org\/{rel}","templated":true}]}}