{"id":6565,"date":"2022-02-07T08:08:17","date_gmt":"2022-02-07T08:08:17","guid":{"rendered":"http:\/\/aikox.net\/Danzarte\/?post_type=product&#038;p=6565"},"modified":"2022-05-25T15:42:11","modified_gmt":"2022-05-25T15:42:11","slug":"mascarilla-mask-019","status":"publish","type":"product","link":"http:\/\/aikox.net\/Danzarte\/tienda\/mascarilla-mask-019\/","title":{"rendered":"Mascarilla mask 019"},"content":{"rendered":"<p>Esta m\u00e1scara facial de tela multicapa, reutilizable y lavable protege al usuario y a las personas que lo rodean.<br \/>\nNo est\u00e1 dise\u00f1ado para uso m\u00e9dico.<br \/>\nConfeccionado en tres capas:<br \/>\nCapa 1 = Microfibra Poliamida \/ Elastano<br \/>\nCapa 2 = 100% Poli\u00e9ster No Tejido 100gr\/m\u00b2<br \/>\nCapa 3 = 100% Algod\u00f3n Jersey 120gr\/m\u00b2<br \/>\n= Muy suave al contacto con la piel.<br \/>\nEl tr\u00edptico ofrece una gran cobertura.<br \/>\nDos orejeras el\u00e1sticas para m\u00e1xima comodidad.<br \/>\nPieza nasal de alambre extra\u00edble y ajustable.<\/p>\n","protected":false},"excerpt":{"rendered":"<p>Esta m\u00e1scara facial de tela multicapa, reutilizable y lavable protege al usuario y a las personas que lo rodean.<\/p>\n","protected":false},"featured_media":6572,"template":"","meta":[],"product_cat":[205],"product_tag":[],"class_list":["post-6565","product","type-product","status-publish","has-post-thumbnail","hentry","product_cat-outlet","product_brand-wear-moi","col-xs-6 col-sm-4","col-md-4 col-lg-4","un-3-cols"],"_links":{"self":[{"href":"http:\/\/aikox.net\/Danzarte\/wp-json\/wp\/v2\/product\/6565","targetHints":{"allow":["GET"]}}],"collection":[{"href":"http:\/\/aikox.net\/Danzarte\/wp-json\/wp\/v2\/product"}],"about":[{"href":"http:\/\/aikox.net\/Danzarte\/wp-json\/wp\/v2\/types\/product"}],"wp:featuredmedia":[{"embeddable":true,"href":"http:\/\/aikox.net\/Danzarte\/wp-json\/wp\/v2\/media\/6572"}],"wp:attachment":[{"href":"http:\/\/aikox.net\/Danzarte\/wp-json\/wp\/v2\/media?parent=6565"}],"wp:term":[{"taxonomy":"product_cat","embeddable":true,"href":"http:\/\/aikox.net\/Danzarte\/wp-json\/wp\/v2\/product_cat?post=6565"},{"taxonomy":"product_tag","embeddable":true,"href":"http:\/\/aikox.net\/Danzarte\/wp-json\/wp\/v2\/product_tag?post=6565"}],"curies":[{"name":"wp","href":"https:\/\/api.w.org\/{rel}","templated":true}]}}