{"id":6457,"date":"2022-02-04T12:23:08","date_gmt":"2022-02-04T12:23:08","guid":{"rendered":"http:\/\/aikox.net\/Danzarte\/?post_type=product&#038;p=6457"},"modified":"2022-06-07T07:03:09","modified_gmt":"2022-06-07T07:03:09","slug":"lazo-de-raso-con-goma-elastica-div-61","status":"publish","type":"product","link":"http:\/\/aikox.net\/Danzarte\/tienda\/lazo-de-raso-con-goma-elastica-div-61\/","title":{"rendered":"Lazo de raso con goma el\u00e1stica div 61"},"content":{"rendered":"<p>Cinta de raso con inserto el\u00e1stico.\u00a0Elimina la tensi\u00f3n del tend\u00f3n del tal\u00f3n. 4 por juego<\/p>\n<p>Largo: 76 cm \/ 0,83 yardas por unidad<br aria-hidden=\"true\" \/>Ancho: 2,3 cm \/ 15\/16&#8243; de ancho<br \/>\nTalla 4*57 cm<\/p>\n<p>Color Salm\u00f3n<\/p>\n","protected":false},"excerpt":{"rendered":"<p>Cinta de raso con inserto el\u00e1stico.\u00a0Elimina la tensi\u00f3n del tend\u00f3n del tal\u00f3n.<br aria-hidden=\"true\" \/>4 por juego.<\/p>\n<p>Largo : 76 cm \/ 0,83 yardas por unidad<br aria-hidden=\"true\" \/>Ancho : 2,3 cm \/ 15\/16&#8243; de ancho<br \/>\nTalla 4*57 cm<\/p>\n<p>Color Salm\u00f3n<\/p>\n","protected":false},"featured_media":6458,"template":"","meta":[],"product_cat":[243,223],"product_tag":[],"class_list":["post-6457","product","type-product","status-publish","has-post-thumbnail","hentry","product_cat-complementos","product_cat-complementos-lazos-y-gomas","product_brand-wear-moi","col-xs-6 col-sm-4","col-md-4 col-lg-4","un-3-cols"],"_links":{"self":[{"href":"http:\/\/aikox.net\/Danzarte\/wp-json\/wp\/v2\/product\/6457","targetHints":{"allow":["GET"]}}],"collection":[{"href":"http:\/\/aikox.net\/Danzarte\/wp-json\/wp\/v2\/product"}],"about":[{"href":"http:\/\/aikox.net\/Danzarte\/wp-json\/wp\/v2\/types\/product"}],"wp:featuredmedia":[{"embeddable":true,"href":"http:\/\/aikox.net\/Danzarte\/wp-json\/wp\/v2\/media\/6458"}],"wp:attachment":[{"href":"http:\/\/aikox.net\/Danzarte\/wp-json\/wp\/v2\/media?parent=6457"}],"wp:term":[{"taxonomy":"product_cat","embeddable":true,"href":"http:\/\/aikox.net\/Danzarte\/wp-json\/wp\/v2\/product_cat?post=6457"},{"taxonomy":"product_tag","embeddable":true,"href":"http:\/\/aikox.net\/Danzarte\/wp-json\/wp\/v2\/product_tag?post=6457"}],"curies":[{"name":"wp","href":"https:\/\/api.w.org\/{rel}","templated":true}]}}