{"id":6384,"date":"2022-02-03T22:20:03","date_gmt":"2022-02-03T22:20:03","guid":{"rendered":"http:\/\/aikox.net\/Danzarte\/?post_type=product&#038;p=6384"},"modified":"2022-06-03T10:14:31","modified_gmt":"2022-06-03T10:14:31","slug":"pantalon-corto-sauna","status":"publish","type":"product","link":"http:\/\/aikox.net\/Danzarte\/tienda\/pantalon-corto-sauna\/","title":{"rendered":"Pantalon corto sauna"},"content":{"rendered":"<p>Short calentamiento no transpirables danza y ballet Intermezzo. Pantal\u00f3n muy corto de tejido no transpirable y dobladillos el\u00e1sticos. Ofrece comodidad y libertad de movimiento para tus clases de danza y ballet. Disponible para ni\u00f1a y mujer en color negro o azul marino.<\/p>\n","protected":false},"excerpt":{"rendered":"<p>Short calentamiento no transpirables danza y ballet Intermezzo.<\/p>\n","protected":false},"featured_media":6390,"template":"","meta":[],"product_cat":[244,246,208],"product_tag":[],"class_list":["post-6384","product","type-product","status-publish","has-post-thumbnail","hentry","product_cat-danza-ballet","product_cat-mujer-y-nina","product_cat-danza-y-ballet-mujer-y-nina-pantalones-leggins","product_brand-intermezzo","col-xs-6 col-sm-4","col-md-4 col-lg-4","un-3-cols"],"_links":{"self":[{"href":"http:\/\/aikox.net\/Danzarte\/wp-json\/wp\/v2\/product\/6384","targetHints":{"allow":["GET"]}}],"collection":[{"href":"http:\/\/aikox.net\/Danzarte\/wp-json\/wp\/v2\/product"}],"about":[{"href":"http:\/\/aikox.net\/Danzarte\/wp-json\/wp\/v2\/types\/product"}],"wp:featuredmedia":[{"embeddable":true,"href":"http:\/\/aikox.net\/Danzarte\/wp-json\/wp\/v2\/media\/6390"}],"wp:attachment":[{"href":"http:\/\/aikox.net\/Danzarte\/wp-json\/wp\/v2\/media?parent=6384"}],"wp:term":[{"taxonomy":"product_cat","embeddable":true,"href":"http:\/\/aikox.net\/Danzarte\/wp-json\/wp\/v2\/product_cat?post=6384"},{"taxonomy":"product_tag","embeddable":true,"href":"http:\/\/aikox.net\/Danzarte\/wp-json\/wp\/v2\/product_tag?post=6384"}],"curies":[{"name":"wp","href":"https:\/\/api.w.org\/{rel}","templated":true}]}}