{"id":6283,"date":"2022-02-03T20:08:18","date_gmt":"2022-02-03T20:08:18","guid":{"rendered":"http:\/\/aikox.net\/Danzarte\/?post_type=product&#038;p=6283"},"modified":"2022-06-03T06:37:27","modified_gmt":"2022-06-03T06:37:27","slug":"plato-profesional","status":"publish","type":"product","link":"http:\/\/aikox.net\/Danzarte\/tienda\/plato-profesional\/","title":{"rendered":"Plato profesional"},"content":{"rendered":"<p>Falda plato con 8 capas de tul, 6 capas de tul grueso en la parte inferior y 2 capas de tul fino en la superior. Con aro. Cinturilla el\u00e1stica con goma de 2,5 cm. Braga tejido Lycra y forrada entera. <\/p>\n<p> Tejido: 80% Poliamida, 20% Elast\u00e1n<\/p>\n<p>Otros colores, bajo encargo, cons\u00faltanos sin compromiso.<\/p>\n","protected":false},"excerpt":{"rendered":"<p>Falda Tut\u00fa Plato Ballet Intermezzo. Tut\u00fa con 8 capas de tul: 6 capas de tul grueso en la parte inferior y 2 capas de tul fino en la superior. Forma de plato con aro en la parte exterior del tutu. El tut\u00fa lleva incorporada una braguita de tejido en licra forrada entera. Cinturilla el\u00e1stica con goma de 2,5cm. Ideal para tus actuaciones, espect\u00e1culos, representaciones y para ensayar en tus clases de danza y ballet. En blanco o negro.<\/p>\n","protected":false},"featured_media":8625,"template":"","meta":[],"product_cat":[246,225],"product_tag":[],"class_list":["post-6283","product","type-product","status-publish","has-post-thumbnail","hentry","product_cat-mujer-y-nina","product_cat-danza-y-ballet-mujer-y-nina-tutu-y-vestidos","product_brand-intermezzo","col-xs-6 col-sm-4","col-md-4 col-lg-4","un-3-cols"],"_links":{"self":[{"href":"http:\/\/aikox.net\/Danzarte\/wp-json\/wp\/v2\/product\/6283","targetHints":{"allow":["GET"]}}],"collection":[{"href":"http:\/\/aikox.net\/Danzarte\/wp-json\/wp\/v2\/product"}],"about":[{"href":"http:\/\/aikox.net\/Danzarte\/wp-json\/wp\/v2\/types\/product"}],"wp:featuredmedia":[{"embeddable":true,"href":"http:\/\/aikox.net\/Danzarte\/wp-json\/wp\/v2\/media\/8625"}],"wp:attachment":[{"href":"http:\/\/aikox.net\/Danzarte\/wp-json\/wp\/v2\/media?parent=6283"}],"wp:term":[{"taxonomy":"product_cat","embeddable":true,"href":"http:\/\/aikox.net\/Danzarte\/wp-json\/wp\/v2\/product_cat?post=6283"},{"taxonomy":"product_tag","embeddable":true,"href":"http:\/\/aikox.net\/Danzarte\/wp-json\/wp\/v2\/product_tag?post=6283"}],"curies":[{"name":"wp","href":"https:\/\/api.w.org\/{rel}","templated":true}]}}