{"id":6271,"date":"2022-02-03T19:56:41","date_gmt":"2022-02-03T19:56:41","guid":{"rendered":"http:\/\/aikox.net\/Danzarte\/?post_type=product&#038;p=6271"},"modified":"2022-10-12T08:46:07","modified_gmt":"2022-10-12T08:46:07","slug":"maillot-cremallera","status":"publish","type":"product","link":"http:\/\/aikox.net\/Danzarte\/tienda\/maillot-cremallera\/","title":{"rendered":"Maillot cremallera"},"content":{"rendered":"<p>Maillot ballet danza manga corta con cremallera Intermezzo. De cuello alto cerrado con cremallera y mangas transparentes de malla. Manga corta de transparencia a tono. Maillot de Meryl\u00ae con forro delantero. Ideal para entrenamientos y todo tipo de danza, ballet, jazz, danza contempor\u00e1nea, etc. Disponible en negro, gris, azul marino o burdeos. Body de danza el\u00e1stico, de tejido suave, c\u00f3modo y ajustable al cuerpo.<\/p>\n<div class=\"composition-title\"><\/div>\n<div class=\"composition-content\">8% ELASTAN<\/div>\n<div class=\"composition-content\">92% POL MERYL<\/div>\n<p>&nbsp;<\/p>\n","protected":false},"excerpt":{"rendered":"<p>Maillot ballet danza manga corta con cremallera Intermezzo.<\/p>\n","protected":false},"featured_media":6272,"template":"","meta":[],"product_cat":[235,246],"product_tag":[],"class_list":["post-6271","product","type-product","status-publish","has-post-thumbnail","hentry","product_cat-danza-y-ballet-mujer-y-nina-maillots","product_cat-mujer-y-nina","product_brand-intermezzo","col-xs-6 col-sm-4","col-md-4 col-lg-4","un-3-cols"],"_links":{"self":[{"href":"http:\/\/aikox.net\/Danzarte\/wp-json\/wp\/v2\/product\/6271","targetHints":{"allow":["GET"]}}],"collection":[{"href":"http:\/\/aikox.net\/Danzarte\/wp-json\/wp\/v2\/product"}],"about":[{"href":"http:\/\/aikox.net\/Danzarte\/wp-json\/wp\/v2\/types\/product"}],"wp:featuredmedia":[{"embeddable":true,"href":"http:\/\/aikox.net\/Danzarte\/wp-json\/wp\/v2\/media\/6272"}],"wp:attachment":[{"href":"http:\/\/aikox.net\/Danzarte\/wp-json\/wp\/v2\/media?parent=6271"}],"wp:term":[{"taxonomy":"product_cat","embeddable":true,"href":"http:\/\/aikox.net\/Danzarte\/wp-json\/wp\/v2\/product_cat?post=6271"},{"taxonomy":"product_tag","embeddable":true,"href":"http:\/\/aikox.net\/Danzarte\/wp-json\/wp\/v2\/product_tag?post=6271"}],"curies":[{"name":"wp","href":"https:\/\/api.w.org\/{rel}","templated":true}]}}