{"id":6115,"date":"2022-02-03T18:18:53","date_gmt":"2022-02-03T18:18:53","guid":{"rendered":"http:\/\/aikox.net\/Danzarte\/?post_type=product&#038;p=6115"},"modified":"2022-09-21T10:23:24","modified_gmt":"2022-09-21T10:23:24","slug":"pantalon-jalendra","status":"publish","type":"product","link":"http:\/\/aikox.net\/Danzarte\/tienda\/pantalon-jalendra\/","title":{"rendered":"Pantal\u00f3n Jalendra"},"content":{"rendered":"<p>Pantal\u00f3n de Baile Mujer de lana ultra suave y c\u00f3modo, bordado en los costados con lana lisa en la parte delantera y trasera.\u00a0Detalle de peque\u00f1o lazo en la cintura el\u00e1stica.<\/p>\n<p>Punto Acr\u00edlico Elast\u00e1n &#8211; Bordado Punto Algod\u00f3n Acr\u00edlico<\/p>\n","protected":false},"excerpt":{"rendered":"<p>Pantal\u00f3n de Baile Mujer de lana ultra suave y c\u00f3modo<\/p>\n","protected":false},"featured_media":6119,"template":"","meta":[],"product_cat":[212,246],"product_tag":[],"class_list":["post-6115","product","type-product","status-publish","has-post-thumbnail","hentry","product_cat-danza-y-ballet-mujer-y-nina-calentadores-y-lanas","product_cat-mujer-y-nina","product_brand-wear-moi","col-xs-6 col-sm-4","col-md-4 col-lg-4","un-3-cols"],"_links":{"self":[{"href":"http:\/\/aikox.net\/Danzarte\/wp-json\/wp\/v2\/product\/6115","targetHints":{"allow":["GET"]}}],"collection":[{"href":"http:\/\/aikox.net\/Danzarte\/wp-json\/wp\/v2\/product"}],"about":[{"href":"http:\/\/aikox.net\/Danzarte\/wp-json\/wp\/v2\/types\/product"}],"wp:featuredmedia":[{"embeddable":true,"href":"http:\/\/aikox.net\/Danzarte\/wp-json\/wp\/v2\/media\/6119"}],"wp:attachment":[{"href":"http:\/\/aikox.net\/Danzarte\/wp-json\/wp\/v2\/media?parent=6115"}],"wp:term":[{"taxonomy":"product_cat","embeddable":true,"href":"http:\/\/aikox.net\/Danzarte\/wp-json\/wp\/v2\/product_cat?post=6115"},{"taxonomy":"product_tag","embeddable":true,"href":"http:\/\/aikox.net\/Danzarte\/wp-json\/wp\/v2\/product_tag?post=6115"}],"curies":[{"name":"wp","href":"https:\/\/api.w.org\/{rel}","templated":true}]}}