{"id":6092,"date":"2022-02-03T18:11:59","date_gmt":"2022-02-03T18:11:59","guid":{"rendered":"http:\/\/aikox.net\/Danzarte\/?post_type=product&#038;p=6092"},"modified":"2022-09-21T10:43:19","modified_gmt":"2022-09-21T10:43:19","slug":"toquilla-runes","status":"publish","type":"product","link":"http:\/\/aikox.net\/Danzarte\/tienda\/toquilla-runes\/","title":{"rendered":"Toquilla Runes"},"content":{"rendered":"<p>Mant\u00f3n de mujer de lana acr\u00edlica de punto jaspeado de fantas\u00eda.\u00a0\u00daselo en los hombros para mantener el calor o \u00e1telo en la cintura como una falda cruzada.<\/p>\n<p>Punto Algod\u00f3n Acr\u00edlico patio mixto 2 colores<\/p>\n","protected":false},"excerpt":{"rendered":"<p>Mant\u00f3n de mujer de lana acr\u00edlica de punto jaspeado de fantas\u00eda.<\/p>\n<p>Talla \u00fanica<\/p>\n","protected":false},"featured_media":6097,"template":"","meta":[],"product_cat":[212],"product_tag":[],"class_list":["post-6092","product","type-product","status-publish","has-post-thumbnail","hentry","product_cat-danza-y-ballet-mujer-y-nina-calentadores-y-lanas","product_brand-wear-moi","col-xs-6 col-sm-4","col-md-4 col-lg-4","un-3-cols"],"_links":{"self":[{"href":"http:\/\/aikox.net\/Danzarte\/wp-json\/wp\/v2\/product\/6092","targetHints":{"allow":["GET"]}}],"collection":[{"href":"http:\/\/aikox.net\/Danzarte\/wp-json\/wp\/v2\/product"}],"about":[{"href":"http:\/\/aikox.net\/Danzarte\/wp-json\/wp\/v2\/types\/product"}],"wp:featuredmedia":[{"embeddable":true,"href":"http:\/\/aikox.net\/Danzarte\/wp-json\/wp\/v2\/media\/6097"}],"wp:attachment":[{"href":"http:\/\/aikox.net\/Danzarte\/wp-json\/wp\/v2\/media?parent=6092"}],"wp:term":[{"taxonomy":"product_cat","embeddable":true,"href":"http:\/\/aikox.net\/Danzarte\/wp-json\/wp\/v2\/product_cat?post=6092"},{"taxonomy":"product_tag","embeddable":true,"href":"http:\/\/aikox.net\/Danzarte\/wp-json\/wp\/v2\/product_tag?post=6092"}],"curies":[{"name":"wp","href":"https:\/\/api.w.org\/{rel}","templated":true}]}}