{"id":6055,"date":"2022-02-03T17:31:36","date_gmt":"2022-02-03T17:31:36","guid":{"rendered":"http:\/\/aikox.net\/Danzarte\/?post_type=product&#038;p=6055"},"modified":"2022-09-21T11:55:08","modified_gmt":"2022-09-21T11:55:08","slug":"zapatilla-puntera-instict2","status":"publish","type":"product","link":"http:\/\/aikox.net\/Danzarte\/tienda\/zapatilla-puntera-instict2\/","title":{"rendered":"Zapatilla puntera Instict2"},"content":{"rendered":"<p>\u00abZapato Turner\u00bb de piel el\u00e1stica con ribete el\u00e1stico de alta calidad y dos el\u00e1sticos para un ajuste seguro.\u00a0Ideal para bailarinas que quieren un zapato de punta cerrada sin la constricci\u00f3n del tal\u00f3n. El cuero suave sigue adecuadamente el pie de la bailarina.<\/p>\n<p>Dise\u00f1o de media suela con puntera cubierta.<br \/>\nSuela de ante con pliegues.<br \/>\nEl\u00e1stico premium cosido en dos direcciones para un ajuste y uso seguros.<\/p>\n","protected":false},"excerpt":{"rendered":"<p>\u00abZapato Turner\u00bb de piel el\u00e1stica con ribete el\u00e1stico de alta calidad y dos el\u00e1sticos para un ajuste seguro.<\/p>\n<p>Ideal para contempor\u00e1neo, r\u00edtmica&#8230;<\/p>\n","protected":false},"featured_media":6057,"template":"","meta":[],"product_cat":[236],"product_tag":[],"class_list":["post-6055","product","type-product","status-publish","has-post-thumbnail","hentry","product_cat-calzado-puntas","product_brand-wear-moi","col-xs-6 col-sm-4","col-md-4 col-lg-4","un-3-cols"],"_links":{"self":[{"href":"http:\/\/aikox.net\/Danzarte\/wp-json\/wp\/v2\/product\/6055","targetHints":{"allow":["GET"]}}],"collection":[{"href":"http:\/\/aikox.net\/Danzarte\/wp-json\/wp\/v2\/product"}],"about":[{"href":"http:\/\/aikox.net\/Danzarte\/wp-json\/wp\/v2\/types\/product"}],"wp:featuredmedia":[{"embeddable":true,"href":"http:\/\/aikox.net\/Danzarte\/wp-json\/wp\/v2\/media\/6057"}],"wp:attachment":[{"href":"http:\/\/aikox.net\/Danzarte\/wp-json\/wp\/v2\/media?parent=6055"}],"wp:term":[{"taxonomy":"product_cat","embeddable":true,"href":"http:\/\/aikox.net\/Danzarte\/wp-json\/wp\/v2\/product_cat?post=6055"},{"taxonomy":"product_tag","embeddable":true,"href":"http:\/\/aikox.net\/Danzarte\/wp-json\/wp\/v2\/product_tag?post=6055"}],"curies":[{"name":"wp","href":"https:\/\/api.w.org\/{rel}","templated":true}]}}