{"id":3952,"date":"2021-05-13T16:37:53","date_gmt":"2021-05-13T16:37:53","guid":{"rendered":"http:\/\/aikox.net\/Danzarte\/product\/zapatilla-de-punta-omega\/"},"modified":"2022-09-21T11:59:20","modified_gmt":"2022-09-21T11:59:20","slug":"zapatilla-de-punta-omega","status":"publish","type":"product","link":"http:\/\/aikox.net\/Danzarte\/tienda\/zapatilla-de-punta-omega\/","title":{"rendered":"Zapatilla de punta Omega"},"content":{"rendered":"<p>Omega presenta nuevas hormas prearqueadas y una uni\u00f3n el\u00e1stica, que promueve una l\u00ednea suave en todo el pie. Sus altas alas construidas sostienen gradualmente el pie y crean una apariencia hermosa. Una almohadilla de punta de gel de silicona recubierta ofrece mayor comodidad. La plantilla de microfibra y el forro del \u00e1rea del tal\u00f3n evitan el deslizamiento en el zapato de punta y eliminan la humedad. Suela exterior en relieve para m\u00e1s tracci\u00f3n y cintas de raso adheridas.<\/p>\n<p>Anchuras: X-XX-XXX-XXXX<br \/>\nDurezas S-M-H3\/4-RH 1\/2<\/p>\n<p>La suela entera ( lleno), es una plantilla.<\/p>\n<p>V\u00e1stago 3\/4, se recomienda para bailarinas que tienen una ruptura de arco media a baja de longitud completa, presenta un v\u00e1stago m\u00e1s largo, recomendado para bailarines cuyo arco rompe m\u00e1s alto que la mayor\u00eda.<\/p>\n<p>V\u00e1stago 1\/2 media plantilla y cambrill\u00f3n, para una rotura baja en el arco. Brinda una sensaci\u00f3n m\u00e1s rota que otras longitudes de v\u00e1stago.<\/p>\n<p>&nbsp;<\/p>\n<p>&nbsp;<\/p>\n","protected":false},"excerpt":{"rendered":"<p>Zapatillas de punta en forma de U<\/p>\n<p>Lados de corte medio.<\/p>\n<p>Ribete de el\u00e1stico sin cord\u00f3n<\/p>\n","protected":false},"featured_media":3953,"template":"","meta":[],"product_cat":[236],"product_tag":[],"class_list":["post-3952","product","type-product","status-publish","has-post-thumbnail","hentry","product_cat-calzado-puntas","product_brand-wear-moi","col-xs-6 col-sm-4","col-md-4 col-lg-4","un-3-cols"],"_links":{"self":[{"href":"http:\/\/aikox.net\/Danzarte\/wp-json\/wp\/v2\/product\/3952","targetHints":{"allow":["GET"]}}],"collection":[{"href":"http:\/\/aikox.net\/Danzarte\/wp-json\/wp\/v2\/product"}],"about":[{"href":"http:\/\/aikox.net\/Danzarte\/wp-json\/wp\/v2\/types\/product"}],"wp:featuredmedia":[{"embeddable":true,"href":"http:\/\/aikox.net\/Danzarte\/wp-json\/wp\/v2\/media\/3953"}],"wp:attachment":[{"href":"http:\/\/aikox.net\/Danzarte\/wp-json\/wp\/v2\/media?parent=3952"}],"wp:term":[{"taxonomy":"product_cat","embeddable":true,"href":"http:\/\/aikox.net\/Danzarte\/wp-json\/wp\/v2\/product_cat?post=3952"},{"taxonomy":"product_tag","embeddable":true,"href":"http:\/\/aikox.net\/Danzarte\/wp-json\/wp\/v2\/product_tag?post=3952"}],"curies":[{"name":"wp","href":"https:\/\/api.w.org\/{rel}","templated":true}]}}