{"id":3950,"date":"2021-05-13T16:37:53","date_gmt":"2021-05-13T16:37:53","guid":{"rendered":"http:\/\/aikox.net\/Danzarte\/product\/zapatilla-de-punta-la-pointe\/"},"modified":"2022-09-21T11:57:46","modified_gmt":"2022-09-21T11:57:46","slug":"zapatilla-de-punta-la-pointe","status":"publish","type":"product","link":"http:\/\/aikox.net\/Danzarte\/tienda\/zapatilla-de-punta-la-pointe\/","title":{"rendered":"Zapatilla de punta La pointe BEGINNERS"},"content":{"rendered":"<p>Dise\u00f1ado y hecho a mano en las mejores tradiciones europeas, La Pointe muestra un aspecto cl\u00e1sico pero con una sensaci\u00f3n de nueva era.<\/p>\n<p>Se recomienda la fuerza del mango XS para comenzar el trabajo de puntas en la barra.\u00a0La fuerza del mango S se recomienda para principiantes y bailarines a los que les gusta una sensaci\u00f3n suave y m\u00e1s rota.<\/p>\n<p>Ideal para forma de pie griego y cuadrado.\u00a0Adecuado para bailarinas con ligamentos apretados o un arco subdesarrollado.<\/p>\n<p>La caja es cuadrada y el cord\u00f3n de\u00a0 algod\u00f3n encerrado en un ribete de algod\u00f3n.<\/p>\n<p>Es ideal para los bailarines que hacen la transici\u00f3n de un zapatilla de media punta a su primer par de zapatillas punta.<\/p>\n<p>Longitudes de los v\u00e1stago- suelas:M ( Lleno)- 3\/4 &#8211; 1\/2.<\/p>\n<p>Suela entera ( lleno), es una plantilla de longitud completa, presenta un v\u00e1stago m\u00e1s largo, recomendado para bailarines cuyo arco rompe m\u00e1s alto que la mayor\u00eda.<\/p>\n<p>Anchuras: X-XX-XXX-XXXX<br \/>\nDurezas XS-S<\/p>\n<p>&nbsp;<\/p>\n","protected":false},"excerpt":{"rendered":"<p>Zapatillas de punta en forma de U, ideal para las alumnas amateurs.<\/p>\n","protected":false},"featured_media":3951,"template":"","meta":[],"product_cat":[236],"product_tag":[],"class_list":["post-3950","product","type-product","status-publish","has-post-thumbnail","hentry","product_cat-calzado-puntas","product_brand-wear-moi","col-xs-6 col-sm-4","col-md-4 col-lg-4","un-3-cols"],"_links":{"self":[{"href":"http:\/\/aikox.net\/Danzarte\/wp-json\/wp\/v2\/product\/3950","targetHints":{"allow":["GET"]}}],"collection":[{"href":"http:\/\/aikox.net\/Danzarte\/wp-json\/wp\/v2\/product"}],"about":[{"href":"http:\/\/aikox.net\/Danzarte\/wp-json\/wp\/v2\/types\/product"}],"wp:featuredmedia":[{"embeddable":true,"href":"http:\/\/aikox.net\/Danzarte\/wp-json\/wp\/v2\/media\/3951"}],"wp:attachment":[{"href":"http:\/\/aikox.net\/Danzarte\/wp-json\/wp\/v2\/media?parent=3950"}],"wp:term":[{"taxonomy":"product_cat","embeddable":true,"href":"http:\/\/aikox.net\/Danzarte\/wp-json\/wp\/v2\/product_cat?post=3950"},{"taxonomy":"product_tag","embeddable":true,"href":"http:\/\/aikox.net\/Danzarte\/wp-json\/wp\/v2\/product_tag?post=3950"}],"curies":[{"name":"wp","href":"https:\/\/api.w.org\/{rel}","templated":true}]}}