{"id":3948,"date":"2021-05-13T16:37:53","date_gmt":"2021-05-13T16:37:53","guid":{"rendered":"http:\/\/aikox.net\/Danzarte\/product\/zapatilla-de-punta-alfa\/"},"modified":"2022-12-16T13:03:10","modified_gmt":"2022-12-16T13:03:10","slug":"zapatilla-de-punta-alfa","status":"publish","type":"product","link":"http:\/\/aikox.net\/Danzarte\/tienda\/zapatilla-de-punta-alfa\/","title":{"rendered":"Zapatilla de punta Alfa"},"content":{"rendered":"<p>Las zapatillas de punta Alfa cuentan con nuevas hormas pre-arqueadas, creadas especialmente para la forma del pie de la bailarina. Sus alas altas construidas sostienen gradualmente el pie y crean una apariencia hermosa y limpia. Una almohadilla de punta de gel de silicona recubierta contribuye a una mayor comodidad. La plantilla de microfibra y el forro del \u00e1rea del tal\u00f3n evitan el \u00abdeslizamiento\u00bb en el zapato y eliminan la humedad. Suela exterior en relieve para mayor tracci\u00f3n y cintas de raso adheridas.<\/p>\n<p>Zapatillas de punta en forma de U<\/p>\n<p>Lados de corte medio.<\/p>\n<p>Ajuste con gomas.<\/p>\n<p>Longitudes de los v\u00e1stagos (de la suela): Lleno M- 3\/4 &#8211; 1\/2<\/p>\n<p>La suela entera (M- lleno), es una plantilla de longitud completa, presenta un v\u00e1stago m\u00e1s largo, recomendado para bailarines cuyo arco rompe m\u00e1s alto que la mayor\u00eda.<\/p>\n<p>Suela -V\u00e1stago 3\/4, se recomienda para bailarinas que tienen una ruptura de arco media a baja.<\/p>\n<p>Suela-V\u00e1stago 1\/2 media plantilla y cambrill\u00f3n, para una rotura baja en el arco. Brinda una sensaci\u00f3n m\u00e1s rota que otras longitudes de v\u00e1stago.<\/p>\n<pre><\/pre>\n<p>&nbsp;<\/p>\n","protected":false},"excerpt":{"rendered":"<p>Las zapatillas de punta Alfa cuentan con nuevas hormas pre arqueadas, creadas especialmente para la forma del pie de la bailarina.<\/p>\n","protected":false},"featured_media":3949,"template":"","meta":[],"product_cat":[236],"product_tag":[],"class_list":["post-3948","product","type-product","status-publish","has-post-thumbnail","hentry","product_cat-calzado-puntas","product_brand-wear-moi","col-xs-6 col-sm-4","col-md-4 col-lg-4","un-3-cols"],"_links":{"self":[{"href":"http:\/\/aikox.net\/Danzarte\/wp-json\/wp\/v2\/product\/3948","targetHints":{"allow":["GET"]}}],"collection":[{"href":"http:\/\/aikox.net\/Danzarte\/wp-json\/wp\/v2\/product"}],"about":[{"href":"http:\/\/aikox.net\/Danzarte\/wp-json\/wp\/v2\/types\/product"}],"wp:featuredmedia":[{"embeddable":true,"href":"http:\/\/aikox.net\/Danzarte\/wp-json\/wp\/v2\/media\/3949"}],"wp:attachment":[{"href":"http:\/\/aikox.net\/Danzarte\/wp-json\/wp\/v2\/media?parent=3948"}],"wp:term":[{"taxonomy":"product_cat","embeddable":true,"href":"http:\/\/aikox.net\/Danzarte\/wp-json\/wp\/v2\/product_cat?post=3948"},{"taxonomy":"product_tag","embeddable":true,"href":"http:\/\/aikox.net\/Danzarte\/wp-json\/wp\/v2\/product_tag?post=3948"}],"curies":[{"name":"wp","href":"https:\/\/api.w.org\/{rel}","templated":true}]}}