{"id":3942,"date":"2021-05-13T16:37:53","date_gmt":"2021-05-13T16:37:53","guid":{"rendered":"http:\/\/aikox.net\/Danzarte\/product\/zapatilla-de-media-punta-ceres\/"},"modified":"2022-10-12T09:17:35","modified_gmt":"2022-10-12T09:17:35","slug":"zapatilla-de-media-punta-ceres","status":"publish","type":"product","link":"http:\/\/aikox.net\/Danzarte\/tienda\/zapatilla-de-media-punta-ceres\/","title":{"rendered":"Zapatilla de media punta Ceres"},"content":{"rendered":"<p>Una zapatilla de ballet de lona el\u00e1stica premium perfecta para principiantes con el aspecto y la sensaci\u00f3n de nuestra Vesta.\u00a0Se proporcionan dos anchos para adaptarse a los pies en crecimiento.\u00a0Bailarina con suela partida y el\u00e1sticos precosidos.<\/p>\n<p>Lona el\u00e1stica de primera calidad.<\/p>\n<p>Color Dark Pink color natural.<\/p>\n<p>Anchos N-M.<\/p>\n<pre><\/pre>\n","protected":false},"excerpt":{"rendered":"<p>Zapatilla de media punta el\u00e1stica de tela , con suela partida que ajusta a la perfecci\u00f3n, y con goma el\u00e1stica alrededor del empeine.<\/p>\n","protected":false},"featured_media":3943,"template":"","meta":[],"product_cat":[242,206],"product_tag":[],"class_list":["post-3942","product","type-product","status-publish","has-post-thumbnail","hentry","product_cat-calzado","product_cat-calzado-zapatillas-media-punta","product_brand-wear-moi","col-xs-6 col-sm-4","col-md-4 col-lg-4","un-3-cols"],"_links":{"self":[{"href":"http:\/\/aikox.net\/Danzarte\/wp-json\/wp\/v2\/product\/3942","targetHints":{"allow":["GET"]}}],"collection":[{"href":"http:\/\/aikox.net\/Danzarte\/wp-json\/wp\/v2\/product"}],"about":[{"href":"http:\/\/aikox.net\/Danzarte\/wp-json\/wp\/v2\/types\/product"}],"wp:featuredmedia":[{"embeddable":true,"href":"http:\/\/aikox.net\/Danzarte\/wp-json\/wp\/v2\/media\/3943"}],"wp:attachment":[{"href":"http:\/\/aikox.net\/Danzarte\/wp-json\/wp\/v2\/media?parent=3942"}],"wp:term":[{"taxonomy":"product_cat","embeddable":true,"href":"http:\/\/aikox.net\/Danzarte\/wp-json\/wp\/v2\/product_cat?post=3942"},{"taxonomy":"product_tag","embeddable":true,"href":"http:\/\/aikox.net\/Danzarte\/wp-json\/wp\/v2\/product_tag?post=3942"}],"curies":[{"name":"wp","href":"https:\/\/api.w.org\/{rel}","templated":true}]}}