{"id":3936,"date":"2021-05-13T16:37:53","date_gmt":"2021-05-13T16:37:53","guid":{"rendered":"http:\/\/aikox.net\/Danzarte\/product\/zapatilla-de-ballet-de-piel-color-negro\/"},"modified":"2022-05-23T08:01:18","modified_gmt":"2022-05-23T08:01:18","slug":"zapatilla-de-ballet-de-piel-color-negro","status":"publish","type":"product","link":"http:\/\/aikox.net\/Danzarte\/tienda\/zapatilla-de-ballet-de-piel-color-negro\/","title":{"rendered":"Zapatilla de ballet de piel color negro"},"content":{"rendered":"<p>Zapatilla de ballet de piel con suela entera en color negra, ideal para nuestras bailarinas que comienzan sus primeros pasos. La suela entera les ayuda a fortalecer m\u00e1s las plantas y los pies. Les aconsejamos que en este modelo pidan una talla m\u00e1s del n\u00famero de calle.<\/p>\n<p>Art\u00edculos en Outlet no admiten devoluci\u00f3n.<\/p>\n","protected":false},"excerpt":{"rendered":"<p>Zapatilla de ballet de piel con suela entera en color negra.<\/p>\n","protected":false},"featured_media":7986,"template":"","meta":[],"product_cat":[205],"product_tag":[],"class_list":["post-3936","product","type-product","status-publish","has-post-thumbnail","hentry","product_cat-outlet","product_brand-happy-dance","col-xs-6 col-sm-4","col-md-4 col-lg-4","un-3-cols"],"_links":{"self":[{"href":"http:\/\/aikox.net\/Danzarte\/wp-json\/wp\/v2\/product\/3936","targetHints":{"allow":["GET"]}}],"collection":[{"href":"http:\/\/aikox.net\/Danzarte\/wp-json\/wp\/v2\/product"}],"about":[{"href":"http:\/\/aikox.net\/Danzarte\/wp-json\/wp\/v2\/types\/product"}],"wp:featuredmedia":[{"embeddable":true,"href":"http:\/\/aikox.net\/Danzarte\/wp-json\/wp\/v2\/media\/7986"}],"wp:attachment":[{"href":"http:\/\/aikox.net\/Danzarte\/wp-json\/wp\/v2\/media?parent=3936"}],"wp:term":[{"taxonomy":"product_cat","embeddable":true,"href":"http:\/\/aikox.net\/Danzarte\/wp-json\/wp\/v2\/product_cat?post=3936"},{"taxonomy":"product_tag","embeddable":true,"href":"http:\/\/aikox.net\/Danzarte\/wp-json\/wp\/v2\/product_tag?post=3936"}],"curies":[{"name":"wp","href":"https:\/\/api.w.org\/{rel}","templated":true}]}}