{"id":3917,"date":"2021-05-13T16:37:53","date_gmt":"2021-05-13T16:37:53","guid":{"rendered":"http:\/\/aikox.net\/Danzarte\/product\/tutu-poliamida\/"},"modified":"2022-05-30T22:35:27","modified_gmt":"2022-05-30T22:35:27","slug":"tutu-poliamida","status":"publish","type":"product","link":"http:\/\/aikox.net\/Danzarte\/tienda\/tutu-poliamida\/","title":{"rendered":"Tutu poliamida"},"content":{"rendered":"<p>Tut\u00fa B\u00e1sico de Ballet en Espuma 4 capas de tul Intermezzo. Maillot de tirantes finos con falda tut\u00fa. Falda tut\u00fa de 4 capas de tul entero. Perfecto para cualquier espect\u00e1culo de danza o ballet o bien para ensayar para tus pr\u00f3ximas funciones. Vestido tut\u00fa ideal para ni\u00f1as.<\/p>\n<p>Otros colores consultar.<\/p>\n","protected":false},"excerpt":{"rendered":"<p>Maillot de tirantes finos Intermezzo con tut\u00fa. Falda tut\u00fa de 4 capas de tul entero. En poliamida. Ofrece m\u00e1xima comodidad para todo tipo de danza.<\/p>\n","protected":false},"featured_media":3918,"template":"","meta":[],"product_cat":[244,246,225],"product_tag":[],"class_list":["post-3917","product","type-product","status-publish","has-post-thumbnail","hentry","product_cat-danza-ballet","product_cat-mujer-y-nina","product_cat-danza-y-ballet-mujer-y-nina-tutu-y-vestidos","product_brand-intermezzo","col-xs-6 col-sm-4","col-md-4 col-lg-4","un-3-cols"],"_links":{"self":[{"href":"http:\/\/aikox.net\/Danzarte\/wp-json\/wp\/v2\/product\/3917","targetHints":{"allow":["GET"]}}],"collection":[{"href":"http:\/\/aikox.net\/Danzarte\/wp-json\/wp\/v2\/product"}],"about":[{"href":"http:\/\/aikox.net\/Danzarte\/wp-json\/wp\/v2\/types\/product"}],"wp:featuredmedia":[{"embeddable":true,"href":"http:\/\/aikox.net\/Danzarte\/wp-json\/wp\/v2\/media\/3918"}],"wp:attachment":[{"href":"http:\/\/aikox.net\/Danzarte\/wp-json\/wp\/v2\/media?parent=3917"}],"wp:term":[{"taxonomy":"product_cat","embeddable":true,"href":"http:\/\/aikox.net\/Danzarte\/wp-json\/wp\/v2\/product_cat?post=3917"},{"taxonomy":"product_tag","embeddable":true,"href":"http:\/\/aikox.net\/Danzarte\/wp-json\/wp\/v2\/product_tag?post=3917"}],"curies":[{"name":"wp","href":"https:\/\/api.w.org\/{rel}","templated":true}]}}