{"id":3912,"date":"2021-05-13T16:36:54","date_gmt":"2021-05-13T16:36:54","guid":{"rendered":"http:\/\/aikox.net\/Danzarte\/product\/tutu-corto-clasico-poliamida\/"},"modified":"2022-05-24T12:43:04","modified_gmt":"2022-05-24T12:43:04","slug":"tutu-corto-clasico-poliamida","status":"publish","type":"product","link":"http:\/\/aikox.net\/Danzarte\/tienda\/tutu-corto-clasico-poliamida\/","title":{"rendered":"Tut\u00fa corto cl\u00e1sico poliamida"},"content":{"rendered":"<p>Tut\u00fa corto cl\u00e1sico 4 capas de 2 en 2 en maillot tirante fino de poliamida en color blanco.<\/p>\n<p>Tallas en stock forrado, adulto 38-40-42.<\/p>\n<p>Talla en stock sin forrar ni\u00f1o talla 8-10-12.<\/p>\n<p>Outlet no se admiten devoluciones.<\/p>\n","protected":false},"excerpt":{"rendered":"<p>Tut\u00fa corto cl\u00e1sico 4 capas de 2 en 2 en maillot tirante fino de poliamida en color blanco.<\/p>\n","protected":false},"featured_media":8110,"template":"","meta":[],"product_cat":[205],"product_tag":[],"class_list":["post-3912","product","type-product","status-publish","has-post-thumbnail","hentry","product_cat-outlet","product_brand-happy-dance","col-xs-6 col-sm-4","col-md-4 col-lg-4","un-3-cols"],"_links":{"self":[{"href":"http:\/\/aikox.net\/Danzarte\/wp-json\/wp\/v2\/product\/3912","targetHints":{"allow":["GET"]}}],"collection":[{"href":"http:\/\/aikox.net\/Danzarte\/wp-json\/wp\/v2\/product"}],"about":[{"href":"http:\/\/aikox.net\/Danzarte\/wp-json\/wp\/v2\/types\/product"}],"wp:featuredmedia":[{"embeddable":true,"href":"http:\/\/aikox.net\/Danzarte\/wp-json\/wp\/v2\/media\/8110"}],"wp:attachment":[{"href":"http:\/\/aikox.net\/Danzarte\/wp-json\/wp\/v2\/media?parent=3912"}],"wp:term":[{"taxonomy":"product_cat","embeddable":true,"href":"http:\/\/aikox.net\/Danzarte\/wp-json\/wp\/v2\/product_cat?post=3912"},{"taxonomy":"product_tag","embeddable":true,"href":"http:\/\/aikox.net\/Danzarte\/wp-json\/wp\/v2\/product_tag?post=3912"}],"curies":[{"name":"wp","href":"https:\/\/api.w.org\/{rel}","templated":true}]}}