{"id":3855,"date":"2021-05-13T16:35:52","date_gmt":"2021-05-13T16:35:52","guid":{"rendered":"http:\/\/aikox.net\/Danzarte\/product\/puntera-de-gimnasia-ritmica\/"},"modified":"2022-05-20T10:44:09","modified_gmt":"2022-05-20T10:44:09","slug":"puntera-de-gimnasia-ritmica","status":"publish","type":"product","link":"http:\/\/aikox.net\/Danzarte\/tienda\/puntera-de-gimnasia-ritmica\/","title":{"rendered":"Puntera de gimnasia r\u00edtmica"},"content":{"rendered":"<p>Punteras de piel para gimnasia r\u00edtmica en blanco. Zapatillas de media punta para gimnastas que te aportan comodidad y protegen tus pies durante tus movimientos. Nuestras medias puntas de gimnasia r\u00edtmica garantizan una buena sujeci\u00f3n durante tu pr\u00e1ctica y entrenamientos.<b><\/b><br \/>\n<b><\/b><br \/>\n100% PIEL<\/p>\n<p>Las tallas van de dos en dos.<\/p>\n<p>Art\u00edculos en Outlet no admiten devoluci\u00f3n.<\/p>\n","protected":false},"excerpt":{"rendered":"<p>Punteras de piel para gimnasia r\u00edtmica en blanco.<\/p>\n","protected":false},"featured_media":3856,"template":"","meta":[],"product_cat":[205],"product_tag":[],"class_list":["post-3855","product","type-product","status-publish","has-post-thumbnail","hentry","product_cat-outlet","product_brand-intermezzo","col-xs-6 col-sm-4","col-md-4 col-lg-4","un-3-cols"],"_links":{"self":[{"href":"http:\/\/aikox.net\/Danzarte\/wp-json\/wp\/v2\/product\/3855","targetHints":{"allow":["GET"]}}],"collection":[{"href":"http:\/\/aikox.net\/Danzarte\/wp-json\/wp\/v2\/product"}],"about":[{"href":"http:\/\/aikox.net\/Danzarte\/wp-json\/wp\/v2\/types\/product"}],"wp:featuredmedia":[{"embeddable":true,"href":"http:\/\/aikox.net\/Danzarte\/wp-json\/wp\/v2\/media\/3856"}],"wp:attachment":[{"href":"http:\/\/aikox.net\/Danzarte\/wp-json\/wp\/v2\/media?parent=3855"}],"wp:term":[{"taxonomy":"product_cat","embeddable":true,"href":"http:\/\/aikox.net\/Danzarte\/wp-json\/wp\/v2\/product_cat?post=3855"},{"taxonomy":"product_tag","embeddable":true,"href":"http:\/\/aikox.net\/Danzarte\/wp-json\/wp\/v2\/product_tag?post=3855"}],"curies":[{"name":"wp","href":"https:\/\/api.w.org\/{rel}","templated":true}]}}