{"id":3851,"date":"2021-05-13T16:35:52","date_gmt":"2021-05-13T16:35:52","guid":{"rendered":"http:\/\/aikox.net\/Danzarte\/product\/puntas-studio-ii\/"},"modified":"2022-05-24T10:00:55","modified_gmt":"2022-05-24T10:00:55","slug":"puntas-studio-ii","status":"publish","type":"product","link":"http:\/\/aikox.net\/Danzarte\/tienda\/puntas-studio-ii\/","title":{"rendered":"Puntas Studio II"},"content":{"rendered":"<p>La zapatilla Studio II tiene una plataforma ancha y un bloque m\u00e1s plano que da una sensaci\u00f3n de estabilidad en la punta. El bloque es algo m\u00e1s ligero que el Studio I, pero igual de duradero. Se trata de una zapatilla muy vers\u00e1til, muy satisfactoria entre principiantes adultas hasta bailarinas profesionales.<\/p>\n<p>Bloque- Standard con Wing Block ( Bloque con ala).<br \/>\nPala- Corte profundo en \u00abV\u00bb.<br \/>\nLado- Ligeramente sumergido.<br \/>\nPlataforma- Ancho y sobre la punta.<br \/>\nPlantilla- Standard o Dura.<br \/>\nCord\u00f3n- Algod\u00f3n.<br \/>\nTallas disponibles- 2 a 8 Anchuras: C-D-E-EE.<\/p>\n<p>Art\u00edculos en Outlet no admiten devoluci\u00f3n.<\/p>\n","protected":false},"excerpt":{"rendered":"<p>La zapatilla Studio II tiene una plataforma ancha y un bloque m\u00e1s plano que da una sensaci\u00f3n de estabilidad en la punta.<\/p>\n","protected":false},"featured_media":8076,"template":"","meta":[],"product_cat":[205],"product_tag":[],"class_list":["post-3851","product","type-product","status-publish","has-post-thumbnail","hentry","product_cat-outlet","product_brand-freed","col-xs-6 col-sm-4","col-md-4 col-lg-4","un-3-cols"],"_links":{"self":[{"href":"http:\/\/aikox.net\/Danzarte\/wp-json\/wp\/v2\/product\/3851","targetHints":{"allow":["GET"]}}],"collection":[{"href":"http:\/\/aikox.net\/Danzarte\/wp-json\/wp\/v2\/product"}],"about":[{"href":"http:\/\/aikox.net\/Danzarte\/wp-json\/wp\/v2\/types\/product"}],"wp:featuredmedia":[{"embeddable":true,"href":"http:\/\/aikox.net\/Danzarte\/wp-json\/wp\/v2\/media\/8076"}],"wp:attachment":[{"href":"http:\/\/aikox.net\/Danzarte\/wp-json\/wp\/v2\/media?parent=3851"}],"wp:term":[{"taxonomy":"product_cat","embeddable":true,"href":"http:\/\/aikox.net\/Danzarte\/wp-json\/wp\/v2\/product_cat?post=3851"},{"taxonomy":"product_tag","embeddable":true,"href":"http:\/\/aikox.net\/Danzarte\/wp-json\/wp\/v2\/product_tag?post=3851"}],"curies":[{"name":"wp","href":"https:\/\/api.w.org\/{rel}","templated":true}]}}