{"id":3845,"date":"2021-05-13T16:35:52","date_gmt":"2021-05-13T16:35:52","guid":{"rendered":"http:\/\/aikox.net\/Danzarte\/product\/puntas-dream-pointe\/"},"modified":"2022-05-24T16:52:36","modified_gmt":"2022-05-24T16:52:36","slug":"puntas-dream-pointe","status":"publish","type":"product","link":"http:\/\/aikox.net\/Danzarte\/tienda\/puntas-dream-pointe\/","title":{"rendered":"Puntas Dream Pointe"},"content":{"rendered":"<p>CARACTER\u00cdSTICAS:<\/p>\n<p>Las zapatillas DreamPointe se basan en el \u00faltimo Grishko-2007<br \/>\nTienen una vida \u00fatil m\u00e1s de 3 veces m\u00e1s larga que los estilos cl\u00e1sicos debido a los materiales de plantilla libres de qu\u00edmicos de \u00faltima generaci\u00f3n<br \/>\nSin pasta y el uso de materiales termoformables ayudan a que la plantilla sea muy ligera<br \/>\nLa caja hecha de materiales naturales absorbe la humedad y es ajustable a cualquier arco del pie<br \/>\nLa plantilla se ensambla a mano y con cuidado para cualquier trabajo de pies y fortalecimiento muscular<br \/>\nEl acolchado frontal y la plantilla tipo almohada garantizan mayor comodidad y comodidad<\/p>\n<p>La bailarina puede elegir entre diferentes anchuras y durezas.<\/p>\n<p>&nbsp;<\/p>\n","protected":false},"excerpt":{"rendered":"<p>Zapatillas de puntas GRISHKO 2007 para Ballet Cl\u00e1sico, se trata del modelo tradicional m\u00e1s famoso de la marca.<\/p>\n","protected":false},"featured_media":8075,"template":"","meta":[],"product_cat":[236],"product_tag":[],"class_list":["post-3845","product","type-product","status-publish","has-post-thumbnail","hentry","product_cat-calzado-puntas","product_brand-grishko","col-xs-6 col-sm-4","col-md-4 col-lg-4","un-3-cols"],"_links":{"self":[{"href":"http:\/\/aikox.net\/Danzarte\/wp-json\/wp\/v2\/product\/3845","targetHints":{"allow":["GET"]}}],"collection":[{"href":"http:\/\/aikox.net\/Danzarte\/wp-json\/wp\/v2\/product"}],"about":[{"href":"http:\/\/aikox.net\/Danzarte\/wp-json\/wp\/v2\/types\/product"}],"wp:featuredmedia":[{"embeddable":true,"href":"http:\/\/aikox.net\/Danzarte\/wp-json\/wp\/v2\/media\/8075"}],"wp:attachment":[{"href":"http:\/\/aikox.net\/Danzarte\/wp-json\/wp\/v2\/media?parent=3845"}],"wp:term":[{"taxonomy":"product_cat","embeddable":true,"href":"http:\/\/aikox.net\/Danzarte\/wp-json\/wp\/v2\/product_cat?post=3845"},{"taxonomy":"product_tag","embeddable":true,"href":"http:\/\/aikox.net\/Danzarte\/wp-json\/wp\/v2\/product_tag?post=3845"}],"curies":[{"name":"wp","href":"https:\/\/api.w.org\/{rel}","templated":true}]}}