{"id":3810,"date":"2021-05-13T16:35:09","date_gmt":"2021-05-13T16:35:09","guid":{"rendered":"http:\/\/aikox.net\/Danzarte\/product\/peluche-zelie\/"},"modified":"2022-09-29T07:39:55","modified_gmt":"2022-09-29T07:39:55","slug":"peluche-zelie","status":"publish","type":"product","link":"http:\/\/aikox.net\/Danzarte\/tienda\/peluche-zelie\/","title":{"rendered":"Peluche Zelie"},"content":{"rendered":"<p>Z\u00e9lie, es nuestra ratita bailarina, m\u00e1s dulce y bonita de Danzarte, tama\u00f1o 35 cm.<\/p>\n","protected":false},"excerpt":{"rendered":"<p>Z\u00e9lie, es nuestra ratita bailarina, m\u00e1s dulce y bonita de Danzarte, la podeis coleccionar en dos tama\u00f1os, 16 cm o en 35 cm.<\/p>\n","protected":false},"featured_media":3811,"template":"","meta":[],"product_cat":[243,227],"product_tag":[],"class_list":["post-3810","product","type-product","status-publish","has-post-thumbnail","hentry","product_cat-complementos","product_cat-complementos-ideas-para-regalar","product_brand-dansez-vous","col-xs-6 col-sm-4","col-md-4 col-lg-4","un-3-cols"],"_links":{"self":[{"href":"http:\/\/aikox.net\/Danzarte\/wp-json\/wp\/v2\/product\/3810","targetHints":{"allow":["GET"]}}],"collection":[{"href":"http:\/\/aikox.net\/Danzarte\/wp-json\/wp\/v2\/product"}],"about":[{"href":"http:\/\/aikox.net\/Danzarte\/wp-json\/wp\/v2\/types\/product"}],"wp:featuredmedia":[{"embeddable":true,"href":"http:\/\/aikox.net\/Danzarte\/wp-json\/wp\/v2\/media\/3811"}],"wp:attachment":[{"href":"http:\/\/aikox.net\/Danzarte\/wp-json\/wp\/v2\/media?parent=3810"}],"wp:term":[{"taxonomy":"product_cat","embeddable":true,"href":"http:\/\/aikox.net\/Danzarte\/wp-json\/wp\/v2\/product_cat?post=3810"},{"taxonomy":"product_tag","embeddable":true,"href":"http:\/\/aikox.net\/Danzarte\/wp-json\/wp\/v2\/product_tag?post=3810"}],"curies":[{"name":"wp","href":"https:\/\/api.w.org\/{rel}","templated":true}]}}