{"id":3787,"date":"2021-05-13T16:34:31","date_gmt":"2021-05-13T16:34:31","guid":{"rendered":"http:\/\/aikox.net\/Danzarte\/product\/pantalon-de-baile-salsa\/"},"modified":"2022-12-26T18:32:06","modified_gmt":"2022-12-26T18:32:06","slug":"pantalon-de-baile-salsa","status":"publish","type":"product","link":"http:\/\/aikox.net\/Danzarte\/tienda\/pantalon-de-baile-salsa\/","title":{"rendered":"Pantal\u00f3n de baile salsa"},"content":{"rendered":"<p>Pantal\u00f3n Negro Hombre Bailes de Sal\u00f3n. Pantalones largos bajos de cintura con costura central en las piernas. Abrochado central y trabillas. Para hombre\/ ni\u00f1o. Perfecto para baile latino, salsa, tango, rumba, cha-cha-cha, mambo, bachata, etc.<\/p>\n<p>Tejido: 90% Poliamida, 10% Elastan.<\/p>\n<p>Art\u00edculos en Outlet no admiten devoluci\u00f3n.<\/p>\n","protected":false},"excerpt":{"rendered":"<p>Pantal\u00f3n largo bajo de cintura con costura central en la pierna. Abrochado central y trabillas.<\/p>\n","protected":false},"featured_media":3788,"template":"","meta":[],"product_cat":[205],"product_tag":[],"class_list":["post-3787","product","type-product","status-publish","has-post-thumbnail","hentry","product_cat-outlet","product_brand-intermezzo","col-xs-6 col-sm-4","col-md-4 col-lg-4","un-3-cols"],"_links":{"self":[{"href":"http:\/\/aikox.net\/Danzarte\/wp-json\/wp\/v2\/product\/3787","targetHints":{"allow":["GET"]}}],"collection":[{"href":"http:\/\/aikox.net\/Danzarte\/wp-json\/wp\/v2\/product"}],"about":[{"href":"http:\/\/aikox.net\/Danzarte\/wp-json\/wp\/v2\/types\/product"}],"wp:featuredmedia":[{"embeddable":true,"href":"http:\/\/aikox.net\/Danzarte\/wp-json\/wp\/v2\/media\/3788"}],"wp:attachment":[{"href":"http:\/\/aikox.net\/Danzarte\/wp-json\/wp\/v2\/media?parent=3787"}],"wp:term":[{"taxonomy":"product_cat","embeddable":true,"href":"http:\/\/aikox.net\/Danzarte\/wp-json\/wp\/v2\/product_cat?post=3787"},{"taxonomy":"product_tag","embeddable":true,"href":"http:\/\/aikox.net\/Danzarte\/wp-json\/wp\/v2\/product_tag?post=3787"}],"curies":[{"name":"wp","href":"https:\/\/api.w.org\/{rel}","templated":true}]}}