{"id":3771,"date":"2021-05-13T16:34:31","date_gmt":"2021-05-13T16:34:31","guid":{"rendered":"http:\/\/aikox.net\/Danzarte\/product\/nina\/"},"modified":"2022-12-26T11:39:15","modified_gmt":"2022-12-26T11:39:15","slug":"nina","status":"publish","type":"product","link":"http:\/\/aikox.net\/Danzarte\/tienda\/nina\/","title":{"rendered":"Nina"},"content":{"rendered":"<p>Zapatilla de ballet de suela partida de tela con goma el\u00e1stica para un mejor ajuste al pie.<\/p>\n<p>Aconsejamos llevar una talla m\u00e1s del pie de la calle.<\/p>\n<p>Color: Salm\u00f3n<\/p>\n<p>&nbsp;<\/p>\n","protected":false},"excerpt":{"rendered":"<p>Zapatilla de ballet de suela partida de tela con goma el\u00e1stica para un mejor ajuste al pie. Adecuada para todos los niveles.<\/p>\n<p>Os recomiendo que llev\u00e9is una talla m\u00e1s de vuestro n\u00famero de pie de la calle, para una mayor autonom\u00eda de la bailarina y su psicomotricidad fina y motora.<\/p>\n","protected":false},"featured_media":3772,"template":"","meta":[],"product_cat":[242,206],"product_tag":[1159,1156,1174,1175,1193,1176],"class_list":["post-3771","product","type-product","status-publish","has-post-thumbnail","hentry","product_cat-calzado","product_cat-calzado-zapatillas-media-punta","product_tag-calzado","product_tag-dansez-vous","product_tag-zapatilla-de-ballet","product_tag-zapatilla-de-media-punta","product_tag-zapatilla-de-media-punta-de-tela","product_tag-zapatilla-de-suela-partida","product_brand-dansez-vous","col-xs-6 col-sm-4","col-md-4 col-lg-4","un-3-cols"],"_links":{"self":[{"href":"http:\/\/aikox.net\/Danzarte\/wp-json\/wp\/v2\/product\/3771","targetHints":{"allow":["GET"]}}],"collection":[{"href":"http:\/\/aikox.net\/Danzarte\/wp-json\/wp\/v2\/product"}],"about":[{"href":"http:\/\/aikox.net\/Danzarte\/wp-json\/wp\/v2\/types\/product"}],"wp:featuredmedia":[{"embeddable":true,"href":"http:\/\/aikox.net\/Danzarte\/wp-json\/wp\/v2\/media\/3772"}],"wp:attachment":[{"href":"http:\/\/aikox.net\/Danzarte\/wp-json\/wp\/v2\/media?parent=3771"}],"wp:term":[{"taxonomy":"product_cat","embeddable":true,"href":"http:\/\/aikox.net\/Danzarte\/wp-json\/wp\/v2\/product_cat?post=3771"},{"taxonomy":"product_tag","embeddable":true,"href":"http:\/\/aikox.net\/Danzarte\/wp-json\/wp\/v2\/product_tag?post=3771"}],"curies":[{"name":"wp","href":"https:\/\/api.w.org\/{rel}","templated":true}]}}