{"id":3763,"date":"2021-05-13T16:34:31","date_gmt":"2021-05-13T16:34:31","guid":{"rendered":"http:\/\/aikox.net\/Danzarte\/product\/mendigoizale-koroso\/"},"modified":"2022-06-09T20:41:39","modified_gmt":"2022-06-09T20:41:39","slug":"mendigoizale-koroso","status":"publish","type":"product","link":"http:\/\/aikox.net\/Danzarte\/tienda\/mendigoizale-koroso\/","title":{"rendered":"Mendigoizale Koroso"},"content":{"rendered":"<p>Chaqueta gris, pompones en gris y verde. Motivos verdes de los escudos de las 6 provincias vascas. 100% Acr\u00edlico. (Dral\u00f3n Lingue)<\/p>\n<p>Beletxarra certifica que esta prenda est\u00e1 dise\u00f1ada y producida en el Pa\u00eds Vasco.<\/p>\n<p>Tallas de ni\u00f1o: 2 &#8211; 4 &#8211; 6 &#8211; 8 &#8211; 10-12-14<br \/>\nTallas Adultos. S &#8211; M &#8211; L &#8211; XL-XXL<\/p>\n<p>No se admiten devoluciones al tratarse de prendas por encargo.<\/p>\n","protected":false},"excerpt":{"rendered":"<p>Chaqueta gris, pompones en gris y verde. Motivos verdes de los escudos de las 6 provincias vascas. 100% Acr\u00edlico. (Dral\u00f3n Lingue)<\/p>\n","protected":false},"featured_media":8058,"template":"","meta":[],"product_cat":[222,248],"product_tag":[],"class_list":["post-3763","product","type-product","status-publish","has-post-thumbnail","hentry","product_cat-ropa-vasca-mendigoizale","product_cat-ropa-regional-vasca","product_brand-beletxarra","col-xs-6 col-sm-4","col-md-4 col-lg-4","un-3-cols"],"_links":{"self":[{"href":"http:\/\/aikox.net\/Danzarte\/wp-json\/wp\/v2\/product\/3763","targetHints":{"allow":["GET"]}}],"collection":[{"href":"http:\/\/aikox.net\/Danzarte\/wp-json\/wp\/v2\/product"}],"about":[{"href":"http:\/\/aikox.net\/Danzarte\/wp-json\/wp\/v2\/types\/product"}],"wp:featuredmedia":[{"embeddable":true,"href":"http:\/\/aikox.net\/Danzarte\/wp-json\/wp\/v2\/media\/8058"}],"wp:attachment":[{"href":"http:\/\/aikox.net\/Danzarte\/wp-json\/wp\/v2\/media?parent=3763"}],"wp:term":[{"taxonomy":"product_cat","embeddable":true,"href":"http:\/\/aikox.net\/Danzarte\/wp-json\/wp\/v2\/product_cat?post=3763"},{"taxonomy":"product_tag","embeddable":true,"href":"http:\/\/aikox.net\/Danzarte\/wp-json\/wp\/v2\/product_tag?post=3763"}],"curies":[{"name":"wp","href":"https:\/\/api.w.org\/{rel}","templated":true}]}}