{"id":3759,"date":"2021-05-13T16:33:54","date_gmt":"2021-05-13T16:33:54","guid":{"rendered":"http:\/\/aikox.net\/Danzarte\/product\/mendigoizale-aitona-miguel\/"},"modified":"2022-06-09T20:20:07","modified_gmt":"2022-06-09T20:20:07","slug":"mendigoizale-aitona-miguel","status":"publish","type":"product","link":"http:\/\/aikox.net\/Danzarte\/tienda\/mendigoizale-aitona-miguel\/","title":{"rendered":"Mendigoizale Aitona Miguel"},"content":{"rendered":"<p>Chaqueta azul, pompones en azul y rojo. Motivos rojos de los escudos de las 6 provincias vascas. 100% Acr\u00edlico.<\/p>\n<p>Beletxarra certifica que esta prenda est\u00e1 dise\u00f1ada y producida en el Pa\u00eds Vasco.<\/p>\n<p>Tallas de ni\u00f1o: 2-3-4-5-6-8-10-12<\/p>\n<p>Tallas adultos S-M-L-XL-XXL<\/p>\n<p>No se admiten devoluciones al tratarse de prendas por encargo.<\/p>\n","protected":false},"excerpt":{"rendered":"<p>Chaqueta azul, pompones en azul y rojo. Motivos rojos de los escudos de las 6 provincias vascas. 100% Acr\u00edlico.<\/p>\n","protected":false},"featured_media":8055,"template":"","meta":[],"product_cat":[222],"product_tag":[],"class_list":["post-3759","product","type-product","status-publish","has-post-thumbnail","hentry","product_cat-ropa-vasca-mendigoizale","col-xs-6 col-sm-4","col-md-4 col-lg-4","un-3-cols"],"_links":{"self":[{"href":"http:\/\/aikox.net\/Danzarte\/wp-json\/wp\/v2\/product\/3759","targetHints":{"allow":["GET"]}}],"collection":[{"href":"http:\/\/aikox.net\/Danzarte\/wp-json\/wp\/v2\/product"}],"about":[{"href":"http:\/\/aikox.net\/Danzarte\/wp-json\/wp\/v2\/types\/product"}],"wp:featuredmedia":[{"embeddable":true,"href":"http:\/\/aikox.net\/Danzarte\/wp-json\/wp\/v2\/media\/8055"}],"wp:attachment":[{"href":"http:\/\/aikox.net\/Danzarte\/wp-json\/wp\/v2\/media?parent=3759"}],"wp:term":[{"taxonomy":"product_cat","embeddable":true,"href":"http:\/\/aikox.net\/Danzarte\/wp-json\/wp\/v2\/product_cat?post=3759"},{"taxonomy":"product_tag","embeddable":true,"href":"http:\/\/aikox.net\/Danzarte\/wp-json\/wp\/v2\/product_tag?post=3759"}],"curies":[{"name":"wp","href":"https:\/\/api.w.org\/{rel}","templated":true}]}}