{"id":3755,"date":"2021-05-13T16:33:54","date_gmt":"2021-05-13T16:33:54","guid":{"rendered":"http:\/\/aikox.net\/Danzarte\/product\/medias-r102\/"},"modified":"2022-12-27T18:15:31","modified_gmt":"2022-12-27T18:15:31","slug":"medias-r102","status":"publish","type":"product","link":"http:\/\/aikox.net\/Danzarte\/tienda\/medias-r102\/","title":{"rendered":"Medias R102"},"content":{"rendered":"<p>Medias de rejilla sin pies. Sin costura. Cintura el\u00e1stica.<br \/>\nTejido: 88% Nylon, 12% Spandex<\/p>\n<p>Tallas ni\u00f1os free, talla \u00fanica de 4-14 a\u00f1os Talla adultos : SA\/MA -36\/40- LA\/XLA-40\/44<br \/>\nColores: Negro, Tostado<\/p>\n","protected":false},"excerpt":{"rendered":"<p>Medias de red profesional sin pies. Hilo suave y el\u00e1stico.<\/p>\n","protected":false},"featured_media":9629,"template":"","meta":[],"product_cat":[244,230,246],"product_tag":[1156,1247,1250,1251],"class_list":["post-3755","product","type-product","status-publish","has-post-thumbnail","hentry","product_cat-danza-ballet","product_cat-danza-y-ballet-mujer-y-nina-medias","product_cat-mujer-y-nina","product_tag-dansez-vous","product_tag-medias","product_tag-medias-de-red","product_tag-medias-de-red-sin-pie","product_brand-dansez-vous","col-xs-6 col-sm-4","col-md-4 col-lg-4","un-3-cols"],"_links":{"self":[{"href":"http:\/\/aikox.net\/Danzarte\/wp-json\/wp\/v2\/product\/3755","targetHints":{"allow":["GET"]}}],"collection":[{"href":"http:\/\/aikox.net\/Danzarte\/wp-json\/wp\/v2\/product"}],"about":[{"href":"http:\/\/aikox.net\/Danzarte\/wp-json\/wp\/v2\/types\/product"}],"wp:featuredmedia":[{"embeddable":true,"href":"http:\/\/aikox.net\/Danzarte\/wp-json\/wp\/v2\/media\/9629"}],"wp:attachment":[{"href":"http:\/\/aikox.net\/Danzarte\/wp-json\/wp\/v2\/media?parent=3755"}],"wp:term":[{"taxonomy":"product_cat","embeddable":true,"href":"http:\/\/aikox.net\/Danzarte\/wp-json\/wp\/v2\/product_cat?post=3755"},{"taxonomy":"product_tag","embeddable":true,"href":"http:\/\/aikox.net\/Danzarte\/wp-json\/wp\/v2\/product_tag?post=3755"}],"curies":[{"name":"wp","href":"https:\/\/api.w.org\/{rel}","templated":true}]}}