{"id":3739,"date":"2021-05-13T16:33:54","date_gmt":"2021-05-13T16:33:54","guid":{"rendered":"http:\/\/aikox.net\/Danzarte\/product\/mascarilla\/"},"modified":"2022-06-02T09:13:50","modified_gmt":"2022-06-02T09:13:50","slug":"mascarilla","status":"publish","type":"product","link":"http:\/\/aikox.net\/Danzarte\/tienda\/mascarilla\/","title":{"rendered":"Mascarilla"},"content":{"rendered":"<p>Mascarilla para nuestras clases de baile, con tres capas de tejido.<\/p>\n<ul>\n<li>PROTECCI\u00d3N: Todas las m\u00e1scaras protegen en un 98% (como una FFP1), por encima del m\u00ednimo exigido para el gran p\u00fablico. Ninguna tiene costura nariz-boca, como se exige para evitar fugas.<\/li>\n<li>RESPIRABILIDAD: La respetabilidad es \u00f3ptima en todas ellas, siguiendo las normas del gobierno franc\u00e9s (y UE) . Los modelos 004, 005 y 008 tienen una respirabilidad del doble de lo exigido, lo que las hace muy aptas para la pr\u00e1ctica de la danza y el deporte<\/li>\n<li>CONFORT: Todas ellas est\u00e1n hechas en algod\u00f3n de jersey, en la capa en contacto con la piel, para que resulten suaves al tacto y no provoquen rozaduras.<\/li>\n<li>TEST EN LABORATORIO: Las 004, 005 y 008 son las que hemos testado en el laboratorio. 20 lavados a 60 grados y planchados a 120 grados. Las prestaciones y protecci\u00f3n despu\u00e9s de los 20 test se han mantenido intactas en un 100%.<\/li>\n<li>TALLAS: ver\u00e9is que hay modelos infantil\/mujer\/hombre que equivalen a talla S\/M\/L.<\/li>\n<li>DISE\u00d1O: la capa exterior est\u00e1 realizada con los tejidos de nuestras colecciones de b\u00e1sicos, y fashion Wear Moi. Se puede hacer un bonito conjunto con el maillot<\/li>\n<\/ul>\n<p>Esta m\u00e1scara facial multicapa, reutilizable y lavable protege al usuario y a las personas que lo rodean.<br \/>\nRespirable.\u00a0Hasta cuatro horas de protecci\u00f3n.<br \/>\nNo est\u00e1 dise\u00f1ado para uso m\u00e9dico.<br \/>\nConfeccionado en tres capas:<br \/>\nCapa 1 = 100% Sarga de Algod\u00f3n 180gr\/m\u00b2<br \/>\nCapa 2 = 100% Poli\u00e9ster No Tejido 100gr\/m\u00b2<br \/>\nCapa 3 = 100% Algod\u00f3n Jersey 120gr\/m\u00b2<br \/>\n= Muy suave al contacto con la piel.<br \/>\nCubre completamente la boca y la nariz gracias a las costuras superior e inferior.<br \/>\nDos orejeras el\u00e1sticas para m\u00e1xima comodidad.<\/p>\n","protected":false},"excerpt":{"rendered":"<p>Mascarilla para nuestras clases de baile, con tres capas de tejido.<\/p>\n","protected":false},"featured_media":8047,"template":"","meta":[],"product_cat":[205],"product_tag":[],"class_list":["post-3739","product","type-product","status-publish","has-post-thumbnail","hentry","product_cat-outlet","product_brand-wear-moi","col-xs-6 col-sm-4","col-md-4 col-lg-4","un-3-cols"],"_links":{"self":[{"href":"http:\/\/aikox.net\/Danzarte\/wp-json\/wp\/v2\/product\/3739","targetHints":{"allow":["GET"]}}],"collection":[{"href":"http:\/\/aikox.net\/Danzarte\/wp-json\/wp\/v2\/product"}],"about":[{"href":"http:\/\/aikox.net\/Danzarte\/wp-json\/wp\/v2\/types\/product"}],"wp:featuredmedia":[{"embeddable":true,"href":"http:\/\/aikox.net\/Danzarte\/wp-json\/wp\/v2\/media\/8047"}],"wp:attachment":[{"href":"http:\/\/aikox.net\/Danzarte\/wp-json\/wp\/v2\/media?parent=3739"}],"wp:term":[{"taxonomy":"product_cat","embeddable":true,"href":"http:\/\/aikox.net\/Danzarte\/wp-json\/wp\/v2\/product_cat?post=3739"},{"taxonomy":"product_tag","embeddable":true,"href":"http:\/\/aikox.net\/Danzarte\/wp-json\/wp\/v2\/product_tag?post=3739"}],"curies":[{"name":"wp","href":"https:\/\/api.w.org\/{rel}","templated":true}]}}