{"id":3737,"date":"2021-05-13T16:33:54","date_gmt":"2021-05-13T16:33:54","guid":{"rendered":"http:\/\/aikox.net\/Danzarte\/product\/margot-puntas\/"},"modified":"2022-12-22T11:45:53","modified_gmt":"2022-12-22T11:45:53","slug":"margot-puntas","status":"publish","type":"product","link":"http:\/\/aikox.net\/Danzarte\/tienda\/margot-puntas\/","title":{"rendered":"Margot Puntas"},"content":{"rendered":"<p>Puntas para principiantes e intermedio. La parte superior de cuero combina un buen alineamiento de pies y una flexibilidad ideal para bailarines de nivel principiante e intermedio. Bolsa de raso para guardar las puntas de regalo.<\/p>\n<p>Cinta de algod\u00f3n colocadas. Empeine redondeado en forma de U. Cord\u00f3n el\u00e1stico. Parte superior de sat\u00e9n. Cajas: dos modelos de caja. W1 Normal. W2 Ancho.<\/p>\n<p>Colores : Rose Tenue<\/p>\n<p>Tallas<\/p>\n<table class=\"ecwid-description-table\">\n<tbody>\n<tr>\n<td>0.5<\/td>\n<td>1<\/td>\n<td>1.5<\/td>\n<td>2<\/td>\n<td>2.5<\/td>\n<td>3<\/td>\n<td>3.5<\/td>\n<td>4<\/td>\n<td>4.5<\/td>\n<td>5<\/td>\n<td>5.5<\/td>\n<td>6<\/td>\n<td>6.5<\/td>\n<td>7<\/td>\n<td>7.5<\/td>\n<td>8<\/td>\n<\/tr>\n<tr>\n<td>32<\/td>\n<td>33<\/td>\n<td>33.5<\/td>\n<td>34<\/td>\n<td>35<\/td>\n<td>35.5<\/td>\n<td>36<\/td>\n<td>37<\/td>\n<td>37.5<\/td>\n<td>38<\/td>\n<td>38.5<\/td>\n<td>39<\/td>\n<td>40<\/td>\n<td>40.5<\/td>\n<td>41<\/td>\n<td>42<\/td>\n<\/tr>\n<\/tbody>\n<\/table>\n","protected":false},"excerpt":{"rendered":"<p>Punta que otorga gran estabilidad a los bailarines nivel principiante e intermedio. Bolsa de raso para guardar las puntas de regalo.<\/p>\n<p>&nbsp;<\/p>\n","protected":false},"featured_media":3738,"template":"","meta":[],"product_cat":[236],"product_tag":[1159,1156,1160,1163,1162],"class_list":["post-3737","product","type-product","status-publish","has-post-thumbnail","hentry","product_cat-calzado-puntas","product_tag-calzado","product_tag-dansez-vous","product_tag-zapatillas-de-punta","product_tag-zapatillas-puntas-nivel-intermediotes","product_tag-zapatillas-puntas-principiantes","product_brand-dansez-vous","col-xs-6 col-sm-4","col-md-4 col-lg-4","un-3-cols"],"_links":{"self":[{"href":"http:\/\/aikox.net\/Danzarte\/wp-json\/wp\/v2\/product\/3737","targetHints":{"allow":["GET"]}}],"collection":[{"href":"http:\/\/aikox.net\/Danzarte\/wp-json\/wp\/v2\/product"}],"about":[{"href":"http:\/\/aikox.net\/Danzarte\/wp-json\/wp\/v2\/types\/product"}],"wp:featuredmedia":[{"embeddable":true,"href":"http:\/\/aikox.net\/Danzarte\/wp-json\/wp\/v2\/media\/3738"}],"wp:attachment":[{"href":"http:\/\/aikox.net\/Danzarte\/wp-json\/wp\/v2\/media?parent=3737"}],"wp:term":[{"taxonomy":"product_cat","embeddable":true,"href":"http:\/\/aikox.net\/Danzarte\/wp-json\/wp\/v2\/product_cat?post=3737"},{"taxonomy":"product_tag","embeddable":true,"href":"http:\/\/aikox.net\/Danzarte\/wp-json\/wp\/v2\/product_tag?post=3737"}],"curies":[{"name":"wp","href":"https:\/\/api.w.org\/{rel}","templated":true}]}}