{"id":3697,"date":"2021-05-13T16:33:00","date_gmt":"2021-05-13T16:33:00","guid":{"rendered":"http:\/\/aikox.net\/Danzarte\/product\/maillot-nino\/"},"modified":"2022-05-24T09:12:46","modified_gmt":"2022-05-24T09:12:46","slug":"maillot-nino","status":"publish","type":"product","link":"http:\/\/aikox.net\/Danzarte\/tienda\/maillot-nino\/","title":{"rendered":"Maillot ni\u00f1o"},"content":{"rendered":"<p>Maillot ni\u00f1o de manga corta y escote redondo en algod\u00f3n color blanco.<\/p>\n<p>Art\u00edculos en Outlet no admiten devoluci\u00f3n.<\/p>\n","protected":false},"excerpt":{"rendered":"<p>Maillot ni\u00f1o de manga corta y escote redondo en algod\u00f3n color blanco.<\/p>\n","protected":false},"featured_media":8045,"template":"","meta":[],"product_cat":[205],"product_tag":[],"class_list":["post-3697","product","type-product","status-publish","has-post-thumbnail","hentry","product_cat-outlet","product_brand-happy-dance","col-xs-6 col-sm-4","col-md-4 col-lg-4","un-3-cols"],"_links":{"self":[{"href":"http:\/\/aikox.net\/Danzarte\/wp-json\/wp\/v2\/product\/3697","targetHints":{"allow":["GET"]}}],"collection":[{"href":"http:\/\/aikox.net\/Danzarte\/wp-json\/wp\/v2\/product"}],"about":[{"href":"http:\/\/aikox.net\/Danzarte\/wp-json\/wp\/v2\/types\/product"}],"wp:featuredmedia":[{"embeddable":true,"href":"http:\/\/aikox.net\/Danzarte\/wp-json\/wp\/v2\/media\/8045"}],"wp:attachment":[{"href":"http:\/\/aikox.net\/Danzarte\/wp-json\/wp\/v2\/media?parent=3697"}],"wp:term":[{"taxonomy":"product_cat","embeddable":true,"href":"http:\/\/aikox.net\/Danzarte\/wp-json\/wp\/v2\/product_cat?post=3697"},{"taxonomy":"product_tag","embeddable":true,"href":"http:\/\/aikox.net\/Danzarte\/wp-json\/wp\/v2\/product_tag?post=3697"}],"curies":[{"name":"wp","href":"https:\/\/api.w.org\/{rel}","templated":true}]}}