{"id":3597,"date":"2021-05-13T16:29:34","date_gmt":"2021-05-13T16:29:34","guid":{"rendered":"http:\/\/aikox.net\/Danzarte\/product\/jersey-elisa\/"},"modified":"2022-05-26T07:10:27","modified_gmt":"2022-05-26T07:10:27","slug":"jersey-elisa","status":"publish","type":"product","link":"http:\/\/aikox.net\/Danzarte\/tienda\/jersey-elisa\/","title":{"rendered":"Jersey Elisa"},"content":{"rendered":"<p>Chaqueta Danza Ballet cruzada con tiras de Intermezzo en algod\u00f3n. Su\u00e9ter de danza cruzado anudado en la espalda. Jersey de manga larga. En algod\u00f3n con polyester. Ofrece m\u00e1xima comodidad para todo tipo de danza, disponible en distintas tallas y colores. Para mujer\/ni\u00f1a.<\/p>\n<div class=\"composition-content\">50% ALGODON<\/div>\n<div class=\"composition-content\">50% POLIESTER<\/div>\n<p>&nbsp;<\/p>\n<table class=\"ecwid-description-table\">\n<tbody>\n<tr>\n<td><strong>Talla<\/strong><\/td>\n<td><strong>2<\/strong><\/td>\n<td><strong>4<\/strong><\/td>\n<td><strong>6<\/strong><\/td>\n<td><strong>8<\/strong><\/td>\n<td><strong>10<\/strong><\/td>\n<td><strong>12<\/strong><\/td>\n<\/tr>\n<tr>\n<td><strong>Edad<\/strong><\/td>\n<td>1-2 a\u00f1os<\/td>\n<td>3-4<\/td>\n<td>5-6<\/td>\n<td>7-8<\/td>\n<td>9-10<\/td>\n<td>11-12<\/td>\n<\/tr>\n<tr>\n<td><strong>Estatura<\/strong><\/td>\n<td>85-92cm<\/td>\n<td>90-105<\/td>\n<td>106-117<\/td>\n<td>118-129<\/td>\n<td>130-141<\/td>\n<td>142-152<\/td>\n<\/tr>\n<tr>\n<td><strong>Peso<\/strong><\/td>\n<td>9-13kg<\/td>\n<td>12-19<\/td>\n<td>18-25<\/td>\n<td>24-31<\/td>\n<td>30-35<\/td>\n<td>36-44<\/td>\n<\/tr>\n<\/tbody>\n<\/table>\n<p>&nbsp;<\/p>\n<p>&nbsp;<\/p>\n<table class=\"ecwid-description-table\">\n<tbody>\n<tr>\n<td><strong>Talla<\/strong><\/td>\n<td><strong>XS<\/strong><\/td>\n<td><strong>S<\/strong><\/td>\n<td><strong>M<\/strong><\/td>\n<td><strong>L<\/strong><\/td>\n<td><strong>XL<\/strong><\/td>\n<td><strong>XXL<\/strong><\/td>\n<\/tr>\n<tr>\n<td><strong>Pecho<\/strong> (cm)<\/td>\n<td>76-81<\/td>\n<td>82-87<\/td>\n<td>88-91<\/td>\n<td>92-98<\/td>\n<td>99-105<\/td>\n<td>106-113<\/td>\n<\/tr>\n<tr>\n<td><strong>Cintura <\/strong>(cm)<\/td>\n<td>56-63<\/td>\n<td>62-69<\/td>\n<td>66-73<\/td>\n<td>72-79<\/td>\n<td>78-87<\/td>\n<td>86-93<\/td>\n<\/tr>\n<tr>\n<td><strong>Cadera <\/strong>(cm)<\/td>\n<td>84-89<\/td>\n<td>89-94<\/td>\n<td>94-99<\/td>\n<td>99-105<\/td>\n<td>105-110<\/td>\n<td>111-118<\/td>\n<\/tr>\n<tr>\n<td><strong>Tiro <\/strong>(cm)<\/td>\n<td>132-140<\/td>\n<td>140-148<\/td>\n<td>148-155<\/td>\n<td>156-160<\/td>\n<td>159-165<\/td>\n<td>165-173<\/td>\n<\/tr>\n<\/tbody>\n<\/table>\n","protected":false},"excerpt":{"rendered":"<p>Jersey corto cruzado anudado a la espalda de canal\u00e9 1&#215;1. Confeccionado en tejido 100% acr\u00edlico ofrece la m\u00e1xima comodidad para todo tipo de danza.<\/p>\n","protected":false},"featured_media":8020,"template":"","meta":[],"product_cat":[212,246],"product_tag":[],"class_list":["post-3597","product","type-product","status-publish","has-post-thumbnail","hentry","product_cat-danza-y-ballet-mujer-y-nina-calentadores-y-lanas","product_cat-mujer-y-nina","product_brand-intermezzo","col-xs-6 col-sm-4","col-md-4 col-lg-4","un-3-cols"],"_links":{"self":[{"href":"http:\/\/aikox.net\/Danzarte\/wp-json\/wp\/v2\/product\/3597","targetHints":{"allow":["GET"]}}],"collection":[{"href":"http:\/\/aikox.net\/Danzarte\/wp-json\/wp\/v2\/product"}],"about":[{"href":"http:\/\/aikox.net\/Danzarte\/wp-json\/wp\/v2\/types\/product"}],"wp:featuredmedia":[{"embeddable":true,"href":"http:\/\/aikox.net\/Danzarte\/wp-json\/wp\/v2\/media\/8020"}],"wp:attachment":[{"href":"http:\/\/aikox.net\/Danzarte\/wp-json\/wp\/v2\/media?parent=3597"}],"wp:term":[{"taxonomy":"product_cat","embeddable":true,"href":"http:\/\/aikox.net\/Danzarte\/wp-json\/wp\/v2\/product_cat?post=3597"},{"taxonomy":"product_tag","embeddable":true,"href":"http:\/\/aikox.net\/Danzarte\/wp-json\/wp\/v2\/product_tag?post=3597"}],"curies":[{"name":"wp","href":"https:\/\/api.w.org\/{rel}","templated":true}]}}