{"id":3595,"date":"2021-05-13T16:29:34","date_gmt":"2021-05-13T16:29:34","guid":{"rendered":"http:\/\/aikox.net\/Danzarte\/product\/intrinsic-reflex-mb105\/"},"modified":"2022-05-25T11:07:48","modified_gmt":"2022-05-25T11:07:48","slug":"intrinsic-reflex-mb105","status":"publish","type":"product","link":"http:\/\/aikox.net\/Danzarte\/tienda\/intrinsic-reflex-mb105\/","title":{"rendered":"Intrinsic Reflex MB105"},"content":{"rendered":"<p>El Dance Base Support protege y apoya al usuario proporcionando retroalimentaci\u00f3n sensorial (propiocepci\u00f3n), resistencia controlada y absorci\u00f3n de golpes cr\u00edticos, mientras que el Reflex Contour se expande y contrae din\u00e1micamente en sincron\u00eda con los cambios dram\u00e1ticos del cuerpo de los bailarines, manteniendo las l\u00edneas est\u00e9ticas en todo momento.<\/p>\n<p>Las caracter\u00edsticas de refuerzo y soporte hacen de esta zapatilla una herramienta importante para prepararse para el trabajo de puntas y puntas, mientras que el Reflex Contour es ideal para cuerpos en crecimiento y diversos climas y condiciones que pueden afectar el tama\u00f1o del pie.<\/p>\n<p>Ideal para: Largas sesiones de entrenamiento y ensayo, preparaci\u00f3n para demi pointe y pointe work.<\/p>\n<p>Colores: Rosa<br \/>\nAnchos: N &#8211; M<\/p>\n<p>Tallas ni\u00f1as 34 al 36 y adulto 36.5 al 43<\/p>\n","protected":false},"excerpt":{"rendered":"<p>Zapatilla de media punta ideal para largas sesiones de entrenamiento y ensayo, preparaci\u00f3n para demi pointe y pointe work.<\/p>\n","protected":false},"featured_media":8019,"template":"","meta":[],"product_cat":[242,206],"product_tag":[],"class_list":["post-3595","product","type-product","status-publish","has-post-thumbnail","hentry","product_cat-calzado","product_cat-calzado-zapatillas-media-punta","product_brand-mdm","col-xs-6 col-sm-4","col-md-4 col-lg-4","un-3-cols"],"_links":{"self":[{"href":"http:\/\/aikox.net\/Danzarte\/wp-json\/wp\/v2\/product\/3595","targetHints":{"allow":["GET"]}}],"collection":[{"href":"http:\/\/aikox.net\/Danzarte\/wp-json\/wp\/v2\/product"}],"about":[{"href":"http:\/\/aikox.net\/Danzarte\/wp-json\/wp\/v2\/types\/product"}],"wp:featuredmedia":[{"embeddable":true,"href":"http:\/\/aikox.net\/Danzarte\/wp-json\/wp\/v2\/media\/8019"}],"wp:attachment":[{"href":"http:\/\/aikox.net\/Danzarte\/wp-json\/wp\/v2\/media?parent=3595"}],"wp:term":[{"taxonomy":"product_cat","embeddable":true,"href":"http:\/\/aikox.net\/Danzarte\/wp-json\/wp\/v2\/product_cat?post=3595"},{"taxonomy":"product_tag","embeddable":true,"href":"http:\/\/aikox.net\/Danzarte\/wp-json\/wp\/v2\/product_tag?post=3595"}],"curies":[{"name":"wp","href":"https:\/\/api.w.org\/{rel}","templated":true}]}}