{"id":3593,"date":"2021-05-13T16:29:34","date_gmt":"2021-05-13T16:29:34","guid":{"rendered":"http:\/\/aikox.net\/Danzarte\/product\/intrinsic-profile-mb126\/"},"modified":"2022-05-25T10:45:22","modified_gmt":"2022-05-25T10:45:22","slug":"intrinsic-profile-mb126","status":"publish","type":"product","link":"http:\/\/aikox.net\/Danzarte\/tienda\/intrinsic-profile-mb126\/","title":{"rendered":"Intrinsic Profile MB126"},"content":{"rendered":"<p>Zapatilla de baile m\u00e1s avanzada del mundo que ayuda a promover la pr\u00e1ctica segura del baile, previene lesiones y funciona como ayuda para corregir el movimiento de propiocepci\u00f3n en el entrenamiento, proporciona una suave resistencia a los m\u00fasculos intr\u00ednsecos de los pies, apoya el arco reduciendo la fatiga y las lesiones, y tiene una est\u00e9tica y gran belleza en sus l\u00edneas<\/p>\n<p>El Profile 2.0 es una zapatilla de Ballet el\u00e1stica que se adapta al pie como una segunda piel y est\u00e1 fabricada con un tejido construido exclusivamente para MDM: un material antibacteriano de alta resistencia a la tracci\u00f3n.<\/p>\n<p>Presenta una suela de ante, que ofrece una conexi\u00f3n mejorada entre el pie y el suelo, reduciendo la sensaci\u00f3n de torsi\u00f3n que a menudo se siente en un zapato de lona el\u00e1stica.<br \/>\nEst\u00e1 fabricado con na tela tipo lienzo \u00abinterlink\u00bb para maximizar su rendimiento. Utlizar en superficies de baile especializadas, evitar concreto, caminos, tablas de piso y \u00e1reas alfombradas.<\/p>\n<p>Ideales para ex\u00e1menes y competiciones.<\/p>\n","protected":false},"excerpt":{"rendered":"<p>El Profile 2.0 es una zapatilla de Ballet el\u00e1stica que se adapta al pie como una segunda piel.<\/p>\n","protected":false},"featured_media":8017,"template":"","meta":[],"product_cat":[242,206],"product_tag":[],"class_list":["post-3593","product","type-product","status-publish","has-post-thumbnail","hentry","product_cat-calzado","product_cat-calzado-zapatillas-media-punta","product_brand-mdm","col-xs-6 col-sm-4","col-md-4 col-lg-4","un-3-cols"],"_links":{"self":[{"href":"http:\/\/aikox.net\/Danzarte\/wp-json\/wp\/v2\/product\/3593","targetHints":{"allow":["GET"]}}],"collection":[{"href":"http:\/\/aikox.net\/Danzarte\/wp-json\/wp\/v2\/product"}],"about":[{"href":"http:\/\/aikox.net\/Danzarte\/wp-json\/wp\/v2\/types\/product"}],"wp:featuredmedia":[{"embeddable":true,"href":"http:\/\/aikox.net\/Danzarte\/wp-json\/wp\/v2\/media\/8017"}],"wp:attachment":[{"href":"http:\/\/aikox.net\/Danzarte\/wp-json\/wp\/v2\/media?parent=3593"}],"wp:term":[{"taxonomy":"product_cat","embeddable":true,"href":"http:\/\/aikox.net\/Danzarte\/wp-json\/wp\/v2\/product_cat?post=3593"},{"taxonomy":"product_tag","embeddable":true,"href":"http:\/\/aikox.net\/Danzarte\/wp-json\/wp\/v2\/product_tag?post=3593"}],"curies":[{"name":"wp","href":"https:\/\/api.w.org\/{rel}","templated":true}]}}