{"id":3587,"date":"2021-05-13T16:29:34","date_gmt":"2021-05-13T16:29:34","guid":{"rendered":"http:\/\/aikox.net\/Danzarte\/product\/horacio\/"},"modified":"2022-09-21T12:12:31","modified_gmt":"2022-09-21T12:12:31","slug":"horacio","status":"publish","type":"product","link":"http:\/\/aikox.net\/Danzarte\/tienda\/horacio\/","title":{"rendered":"Horacio"},"content":{"rendered":"<p>Uno de los art\u00edculos m\u00e1s solicitados, combinaci\u00f3n de camisa de microfibra completa y cintur\u00f3n de baile de microfibra adjunto.\u00a0Una pieza de uniforme ideal para todas las edades, perfecta para la clase y el escenario.<\/p>\n<p>Microfibra<\/p>\n<p>Tejido: Microfibra.<\/p>\n<table class=\"ecwid-description-table\">\n<tbody>\n<tr>\n<td><strong>Talla<\/strong><\/td>\n<td><strong>4\/6<\/strong><\/td>\n<td><strong>6\/8<\/strong><\/td>\n<td><strong>8\/10<\/strong><\/td>\n<td><strong>10\/12<\/strong><\/td>\n<td><strong>12\/14<\/strong><\/td>\n<\/tr>\n<tr>\n<td>Pecho<\/td>\n<td>55-60<\/td>\n<td>60-65<\/td>\n<td>64-69<\/td>\n<td>68-75<\/td>\n<td>72-79<\/td>\n<\/tr>\n<tr>\n<td>Cintura<\/td>\n<td>52-57<\/td>\n<td>58-60<\/td>\n<td>59-63<\/td>\n<td>62-65<\/td>\n<td>64-68<\/td>\n<\/tr>\n<tr>\n<td>Cadera<\/td>\n<td>55-60<\/td>\n<td>60-65<\/td>\n<td>65-70<\/td>\n<td>71-78<\/td>\n<td>75-80<\/td>\n<\/tr>\n<tr>\n<td>Altura<\/td>\n<td>100-120<\/td>\n<td>115-125<\/td>\n<td>124-144<\/td>\n<td>135-155<\/td>\n<td>140-165<\/td>\n<\/tr>\n<\/tbody>\n<\/table>\n<p>&nbsp;<\/p>\n<table class=\"ecwid-description-table\">\n<tbody>\n<tr>\n<td><strong>Talla<\/strong><\/td>\n<td><strong>XS<\/strong><\/td>\n<td><strong>S<\/strong><\/td>\n<td><strong>M<\/strong><\/td>\n<td><strong>L<\/strong><\/td>\n<td><strong>XL<\/strong><\/td>\n<\/tr>\n<tr>\n<td>Pecho<\/td>\n<td>76-85<\/td>\n<td>85-91<\/td>\n<td>91-97<\/td>\n<td>97-104<\/td>\n<td>104-110<\/td>\n<\/tr>\n<tr>\n<td>Cintura<\/td>\n<td>65-70<\/td>\n<td>70-75<\/td>\n<td>75-80<\/td>\n<td>80-85<\/td>\n<td>85-90<\/td>\n<\/tr>\n<tr>\n<td>Cadera<\/td>\n<td>80-85<\/td>\n<td>85-90<\/td>\n<td>90-95<\/td>\n<td>95-100<\/td>\n<td>100-105<\/td>\n<\/tr>\n<tr>\n<td>Altura<\/td>\n<td>154-168<\/td>\n<td>161-175<\/td>\n<td>168-182<\/td>\n<td>175-189<\/td>\n<td>182-196<\/td>\n<\/tr>\n<\/tbody>\n<\/table>\n","protected":false},"excerpt":{"rendered":"<p>Uno de los art\u00edculos m\u00e1s solicitados, combinaci\u00f3n de camisa de microfibra completa y cintur\u00f3n de baile de microfibra adjunto.<\/p>\n","protected":false},"featured_media":3588,"template":"","meta":[],"product_cat":[244,245,234],"product_tag":[],"class_list":["post-3587","product","type-product","status-publish","has-post-thumbnail","hentry","product_cat-danza-ballet","product_cat-hombre","product_cat-danza-y-ballet-hombre-interiores","product_brand-wear-moi","col-xs-6 col-sm-4","col-md-4 col-lg-4","un-3-cols"],"_links":{"self":[{"href":"http:\/\/aikox.net\/Danzarte\/wp-json\/wp\/v2\/product\/3587","targetHints":{"allow":["GET"]}}],"collection":[{"href":"http:\/\/aikox.net\/Danzarte\/wp-json\/wp\/v2\/product"}],"about":[{"href":"http:\/\/aikox.net\/Danzarte\/wp-json\/wp\/v2\/types\/product"}],"wp:featuredmedia":[{"embeddable":true,"href":"http:\/\/aikox.net\/Danzarte\/wp-json\/wp\/v2\/media\/3588"}],"wp:attachment":[{"href":"http:\/\/aikox.net\/Danzarte\/wp-json\/wp\/v2\/media?parent=3587"}],"wp:term":[{"taxonomy":"product_cat","embeddable":true,"href":"http:\/\/aikox.net\/Danzarte\/wp-json\/wp\/v2\/product_cat?post=3587"},{"taxonomy":"product_tag","embeddable":true,"href":"http:\/\/aikox.net\/Danzarte\/wp-json\/wp\/v2\/product_tag?post=3587"}],"curies":[{"name":"wp","href":"https:\/\/api.w.org\/{rel}","templated":true}]}}