{"id":3573,"date":"2021-05-13T16:29:34","date_gmt":"2021-05-13T16:29:34","guid":{"rendered":"http:\/\/aikox.net\/Danzarte\/product\/gaia\/"},"modified":"2022-12-27T16:42:48","modified_gmt":"2022-12-27T16:42:48","slug":"gaia","status":"publish","type":"product","link":"http:\/\/aikox.net\/Danzarte\/tienda\/gaia\/","title":{"rendered":"Gaia"},"content":{"rendered":"<p>Modelo GAIA<\/p>\n<p>Zapato de baile de sat\u00edn suela de ante . Plantilla con tecnolog\u00eda de alto confort. Hebilla. Calidad precio muy bueno ideal para las personas que se inician en \u00e9sta disciplina.<br \/>\nBolsa de raso incluida.<\/p>\n<p>Tac\u00f3n : 5,5cm<br \/>\nColores : Flesh<\/p>\n<p>Pr\u00f3ximamente en color negro.<\/p>\n","protected":false},"excerpt":{"rendered":"<p>Zapatos de baile latino en sat\u00e9n con amplias correas cruzadas en la parte delantera para un mejor soporte y comodidad.<\/p>\n<p>&nbsp;<\/p>\n","protected":false},"featured_media":8253,"template":"","meta":[],"product_cat":[204],"product_tag":[1239,1159,1156,1237],"class_list":["post-3573","product","type-product","status-publish","has-post-thumbnail","hentry","product_cat-calzado-salon","product_tag-bailes-latinos","product_tag-calzado","product_tag-dansez-vous","product_tag-sandalia-de-baile","pa_numero-765","pa_numero-766","pa_numero-767","pa_numero-768","pa_numero-769","pa_numero-770","product_brand-dansez-vous","col-xs-6 col-sm-4","col-md-4 col-lg-4","un-3-cols"],"_links":{"self":[{"href":"http:\/\/aikox.net\/Danzarte\/wp-json\/wp\/v2\/product\/3573","targetHints":{"allow":["GET"]}}],"collection":[{"href":"http:\/\/aikox.net\/Danzarte\/wp-json\/wp\/v2\/product"}],"about":[{"href":"http:\/\/aikox.net\/Danzarte\/wp-json\/wp\/v2\/types\/product"}],"wp:featuredmedia":[{"embeddable":true,"href":"http:\/\/aikox.net\/Danzarte\/wp-json\/wp\/v2\/media\/8253"}],"wp:attachment":[{"href":"http:\/\/aikox.net\/Danzarte\/wp-json\/wp\/v2\/media?parent=3573"}],"wp:term":[{"taxonomy":"product_cat","embeddable":true,"href":"http:\/\/aikox.net\/Danzarte\/wp-json\/wp\/v2\/product_cat?post=3573"},{"taxonomy":"product_tag","embeddable":true,"href":"http:\/\/aikox.net\/Danzarte\/wp-json\/wp\/v2\/product_tag?post=3573"}],"curies":[{"name":"wp","href":"https:\/\/api.w.org\/{rel}","templated":true}]}}