{"id":3567,"date":"2021-05-13T16:29:34","date_gmt":"2021-05-13T16:29:34","guid":{"rendered":"http:\/\/aikox.net\/Danzarte\/product\/funda-de-castanuelas-concierto\/"},"modified":"2022-06-09T19:29:05","modified_gmt":"2022-06-09T19:29:05","slug":"funda-de-castanuelas-concierto","status":"publish","type":"product","link":"http:\/\/aikox.net\/Danzarte\/tienda\/funda-de-castanuelas-concierto\/","title":{"rendered":"Funda de Casta\u00f1uelas Concierto"},"content":{"rendered":"<p>Limpiar con un trapo h\u00famedo y jab\u00f3n neutro. No usar disolventes, blanqueadores, detergentes qu\u00edmicos o sprays abrillantadores.<\/p>\n<p>Talla \u00danica.<\/p>\n","protected":false},"excerpt":{"rendered":"<p>Funda que protege tus casta\u00f1uelas con esta funda de polipiel hecha a mano.<\/p>\n<p>&nbsp;<\/p>\n","protected":false},"featured_media":3568,"template":"","meta":[],"product_cat":[220],"product_tag":[],"class_list":["post-3567","product","type-product","status-publish","has-post-thumbnail","hentry","product_cat-flamenco-complementos-flamenco","product_brand-castanuelas-del-sur","col-xs-6 col-sm-4","col-md-4 col-lg-4","un-3-cols"],"_links":{"self":[{"href":"http:\/\/aikox.net\/Danzarte\/wp-json\/wp\/v2\/product\/3567","targetHints":{"allow":["GET"]}}],"collection":[{"href":"http:\/\/aikox.net\/Danzarte\/wp-json\/wp\/v2\/product"}],"about":[{"href":"http:\/\/aikox.net\/Danzarte\/wp-json\/wp\/v2\/types\/product"}],"wp:featuredmedia":[{"embeddable":true,"href":"http:\/\/aikox.net\/Danzarte\/wp-json\/wp\/v2\/media\/3568"}],"wp:attachment":[{"href":"http:\/\/aikox.net\/Danzarte\/wp-json\/wp\/v2\/media?parent=3567"}],"wp:term":[{"taxonomy":"product_cat","embeddable":true,"href":"http:\/\/aikox.net\/Danzarte\/wp-json\/wp\/v2\/product_cat?post=3567"},{"taxonomy":"product_tag","embeddable":true,"href":"http:\/\/aikox.net\/Danzarte\/wp-json\/wp\/v2\/product_tag?post=3567"}],"curies":[{"name":"wp","href":"https:\/\/api.w.org\/{rel}","templated":true}]}}