{"id":3519,"date":"2021-05-13T16:27:59","date_gmt":"2021-05-13T16:27:59","guid":{"rendered":"http:\/\/aikox.net\/Danzarte\/product\/falda-ballet\/"},"modified":"2022-10-12T10:22:12","modified_gmt":"2022-10-12T10:22:12","slug":"falda-ballet","status":"publish","type":"product","link":"http:\/\/aikox.net\/Danzarte\/tienda\/falda-ballet\/","title":{"rendered":"Falda ballet"},"content":{"rendered":"<p>Falda de gasa antiest\u00e1tica cruzada en color rosa y blanco.<\/p>\n<p>Art\u00edculos en Outlet no admiten devoluci\u00f3n.<\/p>\n","protected":false},"excerpt":{"rendered":"<p>Falda de gasa antiest\u00e1tica cruzada en color rosa y blanco. Art\u00edculos en Outlet no admiten devoluci\u00f3n.<\/p>\n","protected":false},"featured_media":7979,"template":"","meta":[],"product_cat":[205],"product_tag":[],"class_list":["post-3519","product","type-product","status-publish","has-post-thumbnail","hentry","product_cat-outlet","product_brand-happy-dance","col-xs-6 col-sm-4","col-md-4 col-lg-4","un-3-cols"],"_links":{"self":[{"href":"http:\/\/aikox.net\/Danzarte\/wp-json\/wp\/v2\/product\/3519","targetHints":{"allow":["GET"]}}],"collection":[{"href":"http:\/\/aikox.net\/Danzarte\/wp-json\/wp\/v2\/product"}],"about":[{"href":"http:\/\/aikox.net\/Danzarte\/wp-json\/wp\/v2\/types\/product"}],"wp:featuredmedia":[{"embeddable":true,"href":"http:\/\/aikox.net\/Danzarte\/wp-json\/wp\/v2\/media\/7979"}],"wp:attachment":[{"href":"http:\/\/aikox.net\/Danzarte\/wp-json\/wp\/v2\/media?parent=3519"}],"wp:term":[{"taxonomy":"product_cat","embeddable":true,"href":"http:\/\/aikox.net\/Danzarte\/wp-json\/wp\/v2\/product_cat?post=3519"},{"taxonomy":"product_tag","embeddable":true,"href":"http:\/\/aikox.net\/Danzarte\/wp-json\/wp\/v2\/product_tag?post=3519"}],"curies":[{"name":"wp","href":"https:\/\/api.w.org\/{rel}","templated":true}]}}