{"id":3509,"date":"2021-05-13T16:27:59","date_gmt":"2021-05-13T16:27:59","guid":{"rendered":"http:\/\/aikox.net\/Danzarte\/product\/elite-martina\/"},"modified":"2022-12-27T16:49:17","modified_gmt":"2022-12-27T16:49:17","slug":"elite-martina","status":"publish","type":"product","link":"http:\/\/aikox.net\/Danzarte\/tienda\/elite-martina\/","title":{"rendered":"Elite Martina"},"content":{"rendered":"<p>Sandalia c\u00f3moda flexible, elegante, y con una calidad artesanal incre\u00edble. Suela de danza. Disponible en tac\u00f3n de 6 cm.<\/p>\n<p>*En los zapatos de sal\u00f3n\u00a0 no se admiten devoluciones.<\/p>\n","protected":false},"excerpt":{"rendered":"<p>Sandalia c\u00f3moda flexible, elegante, y con una calidad artesanal incre\u00edble. Suela de danza. Disponible en tac\u00f3n de 6 cm.<\/p>\n<p>*En los zapatos de sal\u00f3n\u00a0 no se admiten devoluciones.<\/p>\n","protected":false},"featured_media":3510,"template":"","meta":[],"product_cat":[242,205,204],"product_tag":[1222,1159,1241,1235,1240,1237,1223],"class_list":["post-3509","product","type-product","status-publish","has-post-thumbnail","hentry","product_cat-calzado","product_cat-outlet","product_cat-calzado-salon","product_tag-bachata","product_tag-calzado","product_tag-kizomba","product_tag-rummos","product_tag-salsa","product_tag-sandalia-de-baile","product_tag-zouk","pa_numero-766","pa_numero-793","pa_numero-768","pa_numero-871","pa_numero-769","pa_numero-770","product_brand-rummos","col-xs-6 col-sm-4","col-md-4 col-lg-4","un-3-cols"],"_links":{"self":[{"href":"http:\/\/aikox.net\/Danzarte\/wp-json\/wp\/v2\/product\/3509","targetHints":{"allow":["GET"]}}],"collection":[{"href":"http:\/\/aikox.net\/Danzarte\/wp-json\/wp\/v2\/product"}],"about":[{"href":"http:\/\/aikox.net\/Danzarte\/wp-json\/wp\/v2\/types\/product"}],"wp:featuredmedia":[{"embeddable":true,"href":"http:\/\/aikox.net\/Danzarte\/wp-json\/wp\/v2\/media\/3510"}],"wp:attachment":[{"href":"http:\/\/aikox.net\/Danzarte\/wp-json\/wp\/v2\/media?parent=3509"}],"wp:term":[{"taxonomy":"product_cat","embeddable":true,"href":"http:\/\/aikox.net\/Danzarte\/wp-json\/wp\/v2\/product_cat?post=3509"},{"taxonomy":"product_tag","embeddable":true,"href":"http:\/\/aikox.net\/Danzarte\/wp-json\/wp\/v2\/product_tag?post=3509"}],"curies":[{"name":"wp","href":"https:\/\/api.w.org\/{rel}","templated":true}]}}