{"id":3507,"date":"2021-05-13T16:27:59","date_gmt":"2021-05-13T16:27:59","guid":{"rendered":"http:\/\/aikox.net\/Danzarte\/product\/elite-luna\/"},"modified":"2022-05-24T17:18:53","modified_gmt":"2022-05-24T17:18:53","slug":"elite-luna","status":"publish","type":"product","link":"http:\/\/aikox.net\/Danzarte\/tienda\/elite-luna\/","title":{"rendered":"Elite Luna"},"content":{"rendered":"<p>Sandalia c\u00f3moda flexible, elegante, y con una calidad artesanal incre\u00edble, decorada con strass. Suela de danza. Disponible en tac\u00f3n de 6-7-8 cm.<\/p>\n<p>Colores : Dark tan satin.<\/p>\n<p>Art\u00edculos en Outlet no admiten devoluci\u00f3n.<\/p>\n<p>&nbsp;<\/p>\n","protected":false},"excerpt":{"rendered":"<p>Sandalia c\u00f3moda flexible, elegante, y con una calidad artesanal incre\u00edble, decorada con strass. Suela de danza. Disponible en tac\u00f3n de 6-7-8 cm. Colores : Dark tan satin. Art\u00edculos en Outlet no admiten devoluci\u00f3n. &nbsp;<\/p>\n","protected":false},"featured_media":5387,"template":"","meta":[],"product_cat":[205],"product_tag":[],"class_list":["post-3507","product","type-product","status-publish","has-post-thumbnail","hentry","product_cat-outlet","pa_numero-765","pa_numero-793","product_brand-rummos","col-xs-6 col-sm-4","col-md-4 col-lg-4","un-3-cols"],"_links":{"self":[{"href":"http:\/\/aikox.net\/Danzarte\/wp-json\/wp\/v2\/product\/3507","targetHints":{"allow":["GET"]}}],"collection":[{"href":"http:\/\/aikox.net\/Danzarte\/wp-json\/wp\/v2\/product"}],"about":[{"href":"http:\/\/aikox.net\/Danzarte\/wp-json\/wp\/v2\/types\/product"}],"wp:featuredmedia":[{"embeddable":true,"href":"http:\/\/aikox.net\/Danzarte\/wp-json\/wp\/v2\/media\/5387"}],"wp:attachment":[{"href":"http:\/\/aikox.net\/Danzarte\/wp-json\/wp\/v2\/media?parent=3507"}],"wp:term":[{"taxonomy":"product_cat","embeddable":true,"href":"http:\/\/aikox.net\/Danzarte\/wp-json\/wp\/v2\/product_cat?post=3507"},{"taxonomy":"product_tag","embeddable":true,"href":"http:\/\/aikox.net\/Danzarte\/wp-json\/wp\/v2\/product_tag?post=3507"}],"curies":[{"name":"wp","href":"https:\/\/api.w.org\/{rel}","templated":true}]}}