{"id":3493,"date":"2021-05-13T16:27:59","date_gmt":"2021-05-13T16:27:59","guid":{"rendered":"http:\/\/aikox.net\/Danzarte\/product\/curve-strech-jazz-mj330\/"},"modified":"2022-10-12T10:20:47","modified_gmt":"2022-10-12T10:20:47","slug":"curve-strech-jazz-mj330","status":"publish","type":"product","link":"http:\/\/aikox.net\/Danzarte\/tienda\/curve-strech-jazz-mj330\/","title":{"rendered":"Curve-Strech Jazz MJ330"},"content":{"rendered":"<p>Zapatilla de jazz la mayor confortabilidad.<\/p>\n<p>La curva, hecha de un material antibacteriano de alta resistencia a la tracci\u00f3n, est\u00e1 espec\u00edficamente dise\u00f1ada para el rendimiento. El bailar\u00edn disfrutar\u00e1 de un ajuste ce\u00f1ido pero sin esfuerzo, al tiempo que conserva la tecnolog\u00eda MDM incorporada, que se ha demostrado que promueve un cuerpo m\u00e1s fuerte y menos propenso a las lesiones.<br \/>\nIdeal para bailes comerciales.<\/p>\n<p>Ancho: Medio<br \/>\nTallas ni\u00f1os : 30 a la 36<br \/>\nTallas adultos : 36.5 a la 43<\/p>\n","protected":false},"excerpt":{"rendered":"<p>Zapatilla de jazz la mayor confortabilidad.<\/p>\n","protected":false},"featured_media":8008,"template":"","meta":[],"product_cat":[228],"product_tag":[],"class_list":["post-3493","product","type-product","status-publish","has-post-thumbnail","hentry","product_cat-calzado-jazz","pa_numero-1084","product_brand-mdm","col-xs-6 col-sm-4","col-md-4 col-lg-4","un-3-cols"],"_links":{"self":[{"href":"http:\/\/aikox.net\/Danzarte\/wp-json\/wp\/v2\/product\/3493","targetHints":{"allow":["GET"]}}],"collection":[{"href":"http:\/\/aikox.net\/Danzarte\/wp-json\/wp\/v2\/product"}],"about":[{"href":"http:\/\/aikox.net\/Danzarte\/wp-json\/wp\/v2\/types\/product"}],"wp:featuredmedia":[{"embeddable":true,"href":"http:\/\/aikox.net\/Danzarte\/wp-json\/wp\/v2\/media\/8008"}],"wp:attachment":[{"href":"http:\/\/aikox.net\/Danzarte\/wp-json\/wp\/v2\/media?parent=3493"}],"wp:term":[{"taxonomy":"product_cat","embeddable":true,"href":"http:\/\/aikox.net\/Danzarte\/wp-json\/wp\/v2\/product_cat?post=3493"},{"taxonomy":"product_tag","embeddable":true,"href":"http:\/\/aikox.net\/Danzarte\/wp-json\/wp\/v2\/product_tag?post=3493"}],"curies":[{"name":"wp","href":"https:\/\/api.w.org\/{rel}","templated":true}]}}