{"id":3447,"date":"2021-05-13T16:27:14","date_gmt":"2021-05-13T16:27:14","guid":{"rendered":"http:\/\/aikox.net\/Danzarte\/product\/castanuelas-fibra-amateur\/"},"modified":"2022-06-09T19:22:28","modified_gmt":"2022-06-09T19:22:28","slug":"castanuelas-fibra-amateur","status":"publish","type":"product","link":"http:\/\/aikox.net\/Danzarte\/tienda\/castanuelas-fibra-amateur\/","title":{"rendered":"Casta\u00f1uelas Fibra Amateur"},"content":{"rendered":"<p>Fabricada de forma mec\u00e1nica en resina de alta calidad y gran dureza.<\/p>\n<p>Se entrega con funda de skay color salm\u00f3n. Caja normal.<\/p>\n<p>Ideal para la iniciaci\u00f3n.<br \/>\nColor: Negro<\/p>\n<p>N\u00ba 2 para hombres y mujeres con manos grandes. GRANDE<\/p>\n<p>N\u00ba 4 a partir de 9 a\u00f1os. MEDIA<\/p>\n<p>N\u00ba 6 recomendada para ni\u00f1os menores de 9 a\u00f1os. PEQUE\u00d1A<\/p>\n<p>&nbsp;<\/p>\n","protected":false},"excerpt":{"rendered":"<p>Casta\u00f1uela iniciaci\u00f3n.<\/p>\n","protected":false},"featured_media":8004,"template":"","meta":[],"product_cat":[220],"product_tag":[],"class_list":["post-3447","product","type-product","status-publish","has-post-thumbnail","hentry","product_cat-flamenco-complementos-flamenco","product_brand-castanuelas-del-sur","col-xs-6 col-sm-4","col-md-4 col-lg-4","un-3-cols"],"_links":{"self":[{"href":"http:\/\/aikox.net\/Danzarte\/wp-json\/wp\/v2\/product\/3447","targetHints":{"allow":["GET"]}}],"collection":[{"href":"http:\/\/aikox.net\/Danzarte\/wp-json\/wp\/v2\/product"}],"about":[{"href":"http:\/\/aikox.net\/Danzarte\/wp-json\/wp\/v2\/types\/product"}],"wp:featuredmedia":[{"embeddable":true,"href":"http:\/\/aikox.net\/Danzarte\/wp-json\/wp\/v2\/media\/8004"}],"wp:attachment":[{"href":"http:\/\/aikox.net\/Danzarte\/wp-json\/wp\/v2\/media?parent=3447"}],"wp:term":[{"taxonomy":"product_cat","embeddable":true,"href":"http:\/\/aikox.net\/Danzarte\/wp-json\/wp\/v2\/product_cat?post=3447"},{"taxonomy":"product_tag","embeddable":true,"href":"http:\/\/aikox.net\/Danzarte\/wp-json\/wp\/v2\/product_tag?post=3447"}],"curies":[{"name":"wp","href":"https:\/\/api.w.org\/{rel}","templated":true}]}}