{"id":3437,"date":"2021-05-13T16:26:26","date_gmt":"2021-05-13T16:26:26","guid":{"rendered":"http:\/\/aikox.net\/Danzarte\/product\/carmen\/"},"modified":"2022-10-12T10:40:03","modified_gmt":"2022-10-12T10:40:03","slug":"carmen","status":"publish","type":"product","link":"http:\/\/aikox.net\/Danzarte\/tienda\/carmen\/","title":{"rendered":"Carmen"},"content":{"rendered":"<p>Mujer Dance Top cruzado Este jersey cruzado es una prenda incre\u00edblemente c\u00f3moda pero elegante que crea un look cl\u00e1sico.<\/p>\n<p>Tejido: Knitted Acrylic Elasthan-Punto Acr\u00edlico Elast\u00e1n<i><\/i>\u00a0Tallas Ni\u00f1as en: 4\/6 &#8211; 6\/8 &#8211; 8\/10 &#8211; 10\/12<\/p>\n<table class=\"ecwid-description-table\">\n<tbody>\n<tr>\n<td><strong>Talla<\/strong><\/td>\n<td><strong>2\/4 a\u00f1os<\/strong><\/td>\n<td><strong>4\/6 <\/strong><\/td>\n<td><strong>6\/8 <\/strong><\/td>\n<td><strong>8\/10 <\/strong><\/td>\n<td><strong>10\/12<\/strong><\/td>\n<td><strong>12\/14<\/strong><\/td>\n<\/tr>\n<tr>\n<td><strong>Pecho<\/strong><\/td>\n<td>50-56<\/td>\n<td>53-58<\/td>\n<td>56-61<\/td>\n<td>63-68<\/td>\n<td>66-71<\/td>\n<td>70-75<\/td>\n<\/tr>\n<tr>\n<td><strong>Cintura<\/strong><\/td>\n<td>45-50<\/td>\n<td>49-54<\/td>\n<td>50-55<\/td>\n<td>52-57<\/td>\n<td>53-58<\/td>\n<td>55-60<\/td>\n<\/tr>\n<tr>\n<td><strong>Cadera<\/strong><\/td>\n<td>50-55<\/td>\n<td>55-60<\/td>\n<td>60-65<\/td>\n<td>65-70<\/td>\n<td>72-78<\/td>\n<td>78-83<\/td>\n<\/tr>\n<tr>\n<td><strong>Tiro<\/strong><\/td>\n<td>85-100<\/td>\n<td>96-105<\/td>\n<td>105-115<\/td>\n<td>115-123<\/td>\n<td>120-128<\/td>\n<td>125-133<\/td>\n<\/tr>\n<tr>\n<td><strong>Altura<\/strong><\/td>\n<td>95-105<\/td>\n<td>100-115<\/td>\n<td>110-125<\/td>\n<td>120-135<\/td>\n<td>130-145<\/td>\n<td>140-155<\/td>\n<\/tr>\n<\/tbody>\n<\/table>\n<p>&nbsp;<\/p>\n<p>Talla Adultos : XS &#8211; S &#8211; M &#8211; L &#8211; XL &#8211; XXL<\/p>\n<table class=\"ecwid-description-table\">\n<tbody>\n<tr>\n<td><strong>Talla<\/strong><\/td>\n<td><strong>XS<\/strong><\/td>\n<td><strong>S<\/strong><\/td>\n<td><strong>M<\/strong><\/td>\n<td><strong>L<\/strong><\/td>\n<td><strong>XL<\/strong><\/td>\n<td><strong>XXL<\/strong><\/td>\n<\/tr>\n<tr>\n<td><strong>Pecho<\/strong><\/td>\n<td>75-80<\/td>\n<td>80-85<\/td>\n<td>85-90<\/td>\n<td>90-95<\/td>\n<td>95-100<\/td>\n<td>100-105<\/td>\n<\/tr>\n<tr>\n<td><strong>Cintura<\/strong><\/td>\n<td>58-63<\/td>\n<td>60-65<\/td>\n<td>65-70<\/td>\n<td>70-75<\/td>\n<td>75-80<\/td>\n<td>80-85<\/td>\n<\/tr>\n<tr>\n<td><strong>Cadera <\/strong><\/td>\n<td>82-88<\/td>\n<td>87-92<\/td>\n<td>92-97<\/td>\n<td>95-100<\/td>\n<td>98-103<\/td>\n<td>100-108<\/td>\n<\/tr>\n<tr>\n<td><strong>Tiro <\/strong><\/td>\n<td>132-140<\/td>\n<td>140-148<\/td>\n<td>148-156<\/td>\n<td>155-164<\/td>\n<td>164-172<\/td>\n<td>168-176<\/td>\n<\/tr>\n<tr>\n<td><strong>Altura<\/strong><\/td>\n<td>150-160<\/td>\n<td>155-165<\/td>\n<td>160-170<\/td>\n<td>165-175<\/td>\n<td>170-180<\/td>\n<td>175-185<\/td>\n<\/tr>\n<\/tbody>\n<\/table>\n","protected":false},"excerpt":{"rendered":"<p>Chaqueta de calentamiento, tejido muy gustoso y corte elegante.<\/p>\n","protected":false},"featured_media":3438,"template":"","meta":[],"product_cat":[212,246],"product_tag":[],"class_list":["post-3437","product","type-product","status-publish","has-post-thumbnail","hentry","product_cat-danza-y-ballet-mujer-y-nina-calentadores-y-lanas","product_cat-mujer-y-nina","product_brand-wear-moi","col-xs-6 col-sm-4","col-md-4 col-lg-4","un-3-cols"],"_links":{"self":[{"href":"http:\/\/aikox.net\/Danzarte\/wp-json\/wp\/v2\/product\/3437","targetHints":{"allow":["GET"]}}],"collection":[{"href":"http:\/\/aikox.net\/Danzarte\/wp-json\/wp\/v2\/product"}],"about":[{"href":"http:\/\/aikox.net\/Danzarte\/wp-json\/wp\/v2\/types\/product"}],"wp:featuredmedia":[{"embeddable":true,"href":"http:\/\/aikox.net\/Danzarte\/wp-json\/wp\/v2\/media\/3438"}],"wp:attachment":[{"href":"http:\/\/aikox.net\/Danzarte\/wp-json\/wp\/v2\/media?parent=3437"}],"wp:term":[{"taxonomy":"product_cat","embeddable":true,"href":"http:\/\/aikox.net\/Danzarte\/wp-json\/wp\/v2\/product_cat?post=3437"},{"taxonomy":"product_tag","embeddable":true,"href":"http:\/\/aikox.net\/Danzarte\/wp-json\/wp\/v2\/product_tag?post=3437"}],"curies":[{"name":"wp","href":"https:\/\/api.w.org\/{rel}","templated":true}]}}