{"id":3409,"date":"2021-05-13T16:26:26","date_gmt":"2021-05-13T16:26:26","guid":{"rendered":"http:\/\/aikox.net\/Danzarte\/product\/calentador-largo-de-lana\/"},"modified":"2022-05-26T07:06:28","modified_gmt":"2022-05-26T07:06:28","slug":"calentador-largo-de-lana","status":"publish","type":"product","link":"http:\/\/aikox.net\/Danzarte\/tienda\/calentador-largo-de-lana\/","title":{"rendered":"Calentador largo  de lana"},"content":{"rendered":"<p>Calentador cl\u00e1sico de 40 cm de largo, con agujero en el tal\u00f3n. En acr\u00edlico. Ofrece m\u00e1xima comodidad para todo tipo de danza.<br \/>\nTejido: 100% Acr\u00edlico<\/p>\n<p><i>\u00a0<\/i><\/p>\n<p>&nbsp;<\/p>\n","protected":false},"excerpt":{"rendered":"<p>Calentador largo lana.<\/p>\n","protected":false},"featured_media":3410,"template":"","meta":[],"product_cat":[212,246],"product_tag":[],"class_list":["post-3409","product","type-product","status-publish","has-post-thumbnail","hentry","product_cat-danza-y-ballet-mujer-y-nina-calentadores-y-lanas","product_cat-mujer-y-nina","product_brand-intermezzo","col-xs-6 col-sm-4","col-md-4 col-lg-4","un-3-cols"],"_links":{"self":[{"href":"http:\/\/aikox.net\/Danzarte\/wp-json\/wp\/v2\/product\/3409","targetHints":{"allow":["GET"]}}],"collection":[{"href":"http:\/\/aikox.net\/Danzarte\/wp-json\/wp\/v2\/product"}],"about":[{"href":"http:\/\/aikox.net\/Danzarte\/wp-json\/wp\/v2\/types\/product"}],"wp:featuredmedia":[{"embeddable":true,"href":"http:\/\/aikox.net\/Danzarte\/wp-json\/wp\/v2\/media\/3410"}],"wp:attachment":[{"href":"http:\/\/aikox.net\/Danzarte\/wp-json\/wp\/v2\/media?parent=3409"}],"wp:term":[{"taxonomy":"product_cat","embeddable":true,"href":"http:\/\/aikox.net\/Danzarte\/wp-json\/wp\/v2\/product_cat?post=3409"},{"taxonomy":"product_tag","embeddable":true,"href":"http:\/\/aikox.net\/Danzarte\/wp-json\/wp\/v2\/product_tag?post=3409"}],"curies":[{"name":"wp","href":"https:\/\/api.w.org\/{rel}","templated":true}]}}