{"id":3404,"date":"2021-05-13T16:25:44","date_gmt":"2021-05-13T16:25:44","guid":{"rendered":"http:\/\/aikox.net\/Danzarte\/product\/calentador-corto-de-lana\/"},"modified":"2022-06-17T09:21:51","modified_gmt":"2022-06-17T09:21:51","slug":"calentador-corto-de-lana","status":"publish","type":"product","link":"http:\/\/aikox.net\/Danzarte\/tienda\/calentador-corto-de-lana\/","title":{"rendered":"Calentador corto de lana"},"content":{"rendered":"<p>Calentador cl\u00e1sico de 40 cm de largo, con agujero en el tal\u00f3n. En acr\u00edlico. Ofrece m\u00e1xima comodidad para todo tipo de danza.<br \/>\nTejido: 100% Acr\u00edlico<\/p>\n<p>&nbsp;<\/p>\n","protected":false},"excerpt":{"rendered":"<p>Calentador corto.<\/p>\n","protected":false},"featured_media":3405,"template":"","meta":[],"product_cat":[212,246],"product_tag":[],"class_list":["post-3404","product","type-product","status-publish","has-post-thumbnail","hentry","product_cat-danza-y-ballet-mujer-y-nina-calentadores-y-lanas","product_cat-mujer-y-nina","product_brand-intermezzo","col-xs-6 col-sm-4","col-md-4 col-lg-4","un-3-cols"],"_links":{"self":[{"href":"http:\/\/aikox.net\/Danzarte\/wp-json\/wp\/v2\/product\/3404","targetHints":{"allow":["GET"]}}],"collection":[{"href":"http:\/\/aikox.net\/Danzarte\/wp-json\/wp\/v2\/product"}],"about":[{"href":"http:\/\/aikox.net\/Danzarte\/wp-json\/wp\/v2\/types\/product"}],"wp:featuredmedia":[{"embeddable":true,"href":"http:\/\/aikox.net\/Danzarte\/wp-json\/wp\/v2\/media\/3405"}],"wp:attachment":[{"href":"http:\/\/aikox.net\/Danzarte\/wp-json\/wp\/v2\/media?parent=3404"}],"wp:term":[{"taxonomy":"product_cat","embeddable":true,"href":"http:\/\/aikox.net\/Danzarte\/wp-json\/wp\/v2\/product_cat?post=3404"},{"taxonomy":"product_tag","embeddable":true,"href":"http:\/\/aikox.net\/Danzarte\/wp-json\/wp\/v2\/product_tag?post=3404"}],"curies":[{"name":"wp","href":"https:\/\/api.w.org\/{rel}","templated":true}]}}